{"id":97,"date":"2023-06-14T21:02:32","date_gmt":"2023-06-14T21:02:32","guid":{"rendered":"https:\/\/annakingsford.com\/portugues\/?page_id=97"},"modified":"2023-06-14T21:02:32","modified_gmt":"2023-06-14T21:02:32","slug":"auxilie-o-desenvolvimento-deste-site","status":"publish","type":"page","link":"https:\/\/annakingsford.com\/portugues\/auxilie-o-desenvolvimento-deste-site\/","title":{"rendered":"Auxilie o Desenvolvimento deste Site"},"content":{"rendered":"<div align=\"justify\">\n<ul>\n<li><strong><em>A proposta deste site \u00e9 muito abrangente. Ela implica, em seu aspecto mais amplo, uma reforma da ortodoxia religiosa dominante em todo o mundo. Inicialmente, devido ao conte\u00fado principal deste site, o foco \u00e9 uma reforma das interpreta\u00e7\u00f5es dos s\u00edmbolos e textos fundamentais do Cristianismo. Essa reforma inicial \u00e9 apresentada como um exemplo que deve ser seguido pelas demais grandes tradi\u00e7\u00f5es religiosas.<br \/>\n<\/em><\/strong><\/li>\n<\/ul>\n<\/div>\n<div align=\"justify\">\n<ul>\n<li><em><strong>Uma tarefa dessa magnitude n\u00e3o poder\u00e1 ser realizada sem o aux\u00edlio de muitas pessoas. Ainda estamos no in\u00edcio desse trabalho, mas \u00e9 nosso dever, desde logo, criar oportunidades para que aqueles interessados em auxiliar no desenvolvimento desse projeto possam assim fazer.<\/strong><\/em><\/li>\n<\/ul>\n<\/div>\n<div align=\"justify\">\n<ul>\n<li><strong><em>Nesse sentido, no presente momento, podem ser feitas doa\u00e7\u00f5es de todo o tipo, que s\u00e3o bem vindas. Isso tanto em recursos financeiros como de outras formas. Essas doa\u00e7\u00f5es podem ser encaminhadas, idealmente, atrav\u00e9s de um contato com o administrador do site, o qual pode ser contatado pelo endere\u00e7o na se\u00e7\u00e3o <a href=\"https:\/\/annakingsford.com\/portugues\/contato\/\" target=\"_blank\" rel=\"noopener\">CONTATO<\/a> &#8211; ou<\/em><\/strong><strong><em> simplesmente<\/em><\/strong><em><strong>, para os que desejarem talvez doar anonimamente, fazendo dep\u00f3sitos para as seguintes contas, em nome de Arnaldo Sisson Filho:<\/strong><\/em><\/li>\n<\/ul>\n<\/div>\n<ul>\n<li><em><strong>Banco Ita\u00fa (341) &#8211; Ag\u00eancia: 3932 &#8211; Conta-corrente: 06919-2<\/strong><\/em><\/li>\n<\/ul>\n<ul>\n<li><em><strong>Nosso agradecimento por qualquer aux\u00edlio, de qualquer natureza, ao desenvolvimento desse projeto.<\/strong><\/em><\/li>\n<\/ul>\n<p><em><strong><br \/>\nArnaldo Sisson Filho<br \/>\n(Site Anna Kingsford)<\/strong><\/em><\/p>\n","protected":false},"excerpt":{"rendered":"<p>A proposta deste site \u00e9 muito abrangente. Ela implica, em seu aspecto mais amplo, uma reforma da ortodoxia religiosa dominante&hellip;<\/p>\n","protected":false},"author":1,"featured_media":0,"parent":0,"menu_order":0,"comment_status":"closed","ping_status":"closed","template":"","meta":{"_seopress_robots_primary_cat":"","_seopress_titles_title":"","_seopress_titles_desc":"","_seopress_robots_index":"","_editorskit_title_hidden":false,"_editorskit_reading_time":0,"_editorskit_is_block_options_detached":false,"_editorskit_block_options_position":"{}","footnotes":""},"class_list":["post-97","page","type-page","status-publish","hentry"],"_links":{"self":[{"href":"https:\/\/annakingsford.com\/portugues\/wp-json\/wp\/v2\/pages\/97","targetHints":{"allow":["GET"]}}],"collection":[{"href":"https:\/\/annakingsford.com\/portugues\/wp-json\/wp\/v2\/pages"}],"about":[{"href":"https:\/\/annakingsford.com\/portugues\/wp-json\/wp\/v2\/types\/page"}],"author":[{"embeddable":true,"href":"https:\/\/annakingsford.com\/portugues\/wp-json\/wp\/v2\/users\/1"}],"replies":[{"embeddable":true,"href":"https:\/\/annakingsford.com\/portugues\/wp-json\/wp\/v2\/comments?post=97"}],"version-history":[{"count":1,"href":"https:\/\/annakingsford.com\/portugues\/wp-json\/wp\/v2\/pages\/97\/revisions"}],"predecessor-version":[{"id":104,"href":"https:\/\/annakingsford.com\/portugues\/wp-json\/wp\/v2\/pages\/97\/revisions\/104"}],"wp:attachment":[{"href":"https:\/\/annakingsford.com\/portugues\/wp-json\/wp\/v2\/media?parent=97"}],"curies":[{"name":"wp","href":"https:\/\/api.w.org\/{rel}","templated":true}]}}