{"id":82,"date":"2023-06-14T20:27:12","date_gmt":"2023-06-14T20:27:12","guid":{"rendered":"https:\/\/annakingsford.com\/portugues\/?page_id=82"},"modified":"2025-03-12T19:07:40","modified_gmt":"2025-03-12T19:07:40","slug":"informacoes-biograficas-e-biografias","status":"publish","type":"page","link":"https:\/\/annakingsford.com\/portugues\/informacoes-biograficas-e-biografias\/","title":{"rendered":"Informa\u00e7\u00f5es Biogr\u00e1ficas e Biografias"},"content":{"rendered":"<ul>\n<li>\n<div style=\"text-align: justify; padding-bottom: 14px;\"><strong>BLAVATSKY,<\/strong> Helena Petrovna.\u00a0<strong><em><u><a href=\"https:\/\/annakingsford.com\/portugues\/informacoes_biograficas_e_biografias\/textos\/IBB-P-Blav-Latetxt.htm\" target=\"_blank\" rel=\"noopener\">A Falecida Dra. Anna Kingsford<\/a><\/u><\/em><\/strong> (<em>The Late Mrs. Anna Kingsford, M.D.<\/em>). Em <strong><em>H.P. Blavatsky Collected Writings<\/em><\/strong>, Vol. IX, pp. 89-91. TPH, Madras (\u00cdndia), 1962, 487 pp. Primeiro publicado em <strong><em>Lucifer<\/em><\/strong>, Vol. II, n\u00ba. 7, mar\u00e7o de 1888, pp. 78-79. Mais informa\u00e7\u00f5es e <em> <strong>texto completo, em portugu\u00eas.<\/strong><\/em><\/div>\n<\/li>\n<li>\n<div style=\"text-align: justify; padding-bottom: 14px;\"><strong><em><u><a href=\"https:\/\/annakingsford.com\/portugues\/informacoes_biograficas_e_biografias\/textos\/IBB-P-Brief-Chrotxt.htm\" target=\"_blank\" rel=\"noopener\">BREVE CRONOLOGIA: a Vida de Anna Kingsford<\/a><\/u><\/em><\/strong><u>.<\/u> Resenha preparada para esse site, objetivando uma r\u00e1pida vis\u00e3o geral da vida de Anna Kingsford.<\/div>\n<\/li>\n<li>\n<div style=\"text-align: justify; padding-bottom: 14px;\"><strong>BURGESS,<\/strong> Jennifer. <span style=\"color: #ff0000;\"><strong>[Ingl\u00eas]<\/strong><\/span> <span style=\"text-decoration: underline;\"><strong><em> <a href=\"http:\/\/www.victorianweb.org\/religion\/kingsford1.html\" target=\"_blank\" rel=\"noopener\">A Brief Biography of Dr. Anna Kingsford<\/a><\/em><\/strong><\/span> <em>(Breve Biografia da Dra. Anna Kingsford).<\/em> Texto na Internet. Pequena biografia de Anna Kingsford. Leia o texto completo em <em>Html,<\/em> <strong>fora do site: <\/strong><a href=\"http:\/\/www-personal.usyd.edu.au\/~apert\/kingsford.html\"> \u00a0<\/a><a href=\"http:\/\/www.victorianweb.org\/religion\/kingsford1.html\" target=\"_blank\" rel=\"noopener\"><span style=\"text-decoration: underline;\">http:\/\/www.victorianweb.org\/religion\/kingsford1.html<\/span><\/a><\/div>\n<\/li>\n<li>\n<div style=\"text-align: justify; padding-bottom: 14px;\"><strong>FERRIER,<\/strong> John Todd. <span style=\"color: #ff0000;\"><strong>[Ingl\u00eas]<\/strong><\/span> <strong><em><u> <a href=\"https:\/\/annakingsford.com\/portugues\/informacoes_biograficas_e_biografias\/textos\/IBB-P-WorksKingsFerrier-web.htm\" target=\"_blank\" rel=\"noopener\">The Work of the Late Anna Kingsford, M.D. and Edward Maitland, B.A.<\/a><\/u><\/em><\/strong> (<em>A Obra dos Saudosos Anna Kingsford, M.D. e Edward Maitland B.A.<\/em>). Publicado pela Ordem da Cruz, na revista <strong><em>The Herald of the Cross<\/em><\/strong>, Vol. 5, 1909. Reproduzido com permiss\u00e3o dos donos dos direitos, os Conselheiros da Ordem da Cruz.\u00a0<em><strong>Texto completo, em ingl\u00eas.<\/strong><\/em><\/div>\n<\/li>\n<li>\n<div style=\"text-align: justify; padding-bottom: 14px;\"><strong>HART,<\/strong> Samuel Hopgood. <span style=\"color: #ff0000;\"><strong>[Ingl\u00eas]<\/strong><\/span> <span style=\"text-decoration: underline;\"><strong><em> <a href=\"https:\/\/annakingsford.com\/portugues\/informacoes_biograficas_e_biografias\/textos\/IBB-P-AnnaKing-Veg.htm\" target=\"_blank\" rel=\"noopener\">Anna Kingsford and Vegetarianism<\/a><\/em><\/strong><\/span> (<em>Anna Kingsford e o Vegetarianismo<\/em>). Esse artigo foi publicado em <strong><em> The Vegetarian Messenger &amp; Health Review<\/em><\/strong>, de abril de 1931, p. 106. Mais informa\u00e7\u00f5es e <em><strong>texto completo, em ingl\u00eas.<\/strong><\/em><\/div>\n<\/li>\n<li>\n<div style=\"text-align: justify; padding-bottom: 14px;\"><strong>HART,<\/strong> Samuel Hopgood. <span style=\"text-decoration: underline;\"><strong><em> <a href=\"https:\/\/annakingsford.com\/portugues\/informacoes_biograficas_e_biografias\/textos\/IBB-P-HartAnnaLife.htm\" target=\"_blank\" rel=\"noopener\">Vida e Obra de Anna Kingsford<\/a><\/em><\/strong><\/span> (<em>Anna Kingsford: Her Life and Work<\/em>). Folheto. Parte do conte\u00fado desse folheto foi originalmente apresentado em artigos na revista <strong><em>Light <\/em><\/strong>de setembro de 1930, pp. 472, 486 and 508. Mais informa\u00e7\u00f5es e <em><strong>texto completo em portugu\u00eas<\/strong><\/em>.<\/div>\n<\/li>\n<li>\n<div style=\"text-align: justify; padding-bottom: 14px;\"><strong>HART,<\/strong> Samuel Hopgood. <strong><em><u><a href=\"https:\/\/annakingsford.com\/portugues\/em-memoria-de-anna-kingsford\/\" target=\"_blank\" rel=\"noopener\">Em Mem\u00f3ria de Anna Kingsford<\/a><\/u><\/em><\/strong> (<em>In Memoriam Anna Kingsford<\/em>). <em>The Leeds Vegetarian Society<\/em>, Leeds (Inglaterra), 1947.<\/div>\n<\/li>\n<li>\n<div style=\"text-align: justify; padding-bottom: 14px;\"><strong>HART<\/strong>, Samuel Hopgood. <a href=\"https:\/\/annakingsford.com\/portugues\/em-memoria-do-rev-g-j-r-ouseley\/\" target=\"_blank\" rel=\"noopener\"><strong><em>Em Mem\u00f3ria do Rev. G.J.R. Ouseley<\/em><\/strong><\/a><em> (In Memoriam to the Rev. G.J.R. Ouseley<\/em>). Escrito em Ilfracombe (Inglaterra), 1952. Mais informa\u00e7\u00f5es e <em> <strong>texto completo, em portugu\u00eas.<\/strong><\/em><\/div>\n<\/li>\n<li>\n<div style=\"text-align: justify; padding-bottom: 14px;\"><strong>HART,<\/strong> Samuel Hopgood. <strong><span style=\"color: #ff0000;\">[Ingl\u00eas]<\/span> <em><u> <a href=\"https:\/\/annakingsford.com\/portugues\/informacoes_biograficas_e_biografias\/textos\/IBB-P-HartBioPref-Addrtxt.htm\" target=\"_blank\" rel=\"noopener\">Biographical Preface<\/a><\/u><\/em><\/strong> (<em>Pref\u00e1cio Biogr\u00e1fico<\/em>). Longo pref\u00e1cio biogr\u00e1fico na obra: <strong><em> <a href=\"https:\/\/annakingsford.com\/portugues\/obras_de_anna_kingsford\/textos\/07-OAKM-P-Addr-web.htm\" target=\"_blank\" rel=\"noopener\"><span style=\"text-decoration: underline;\">Addresses and Essays on Vegetarianism<\/span><\/a> <\/em><\/strong>(<em>Palestras e Ensaios sobre Vegetarianismo<\/em>). Anna Kingsford e Edward Maitland (pp. 1-60). Livro editado por Samuel Hopgood Hart. John M. Watkins, Londres, 1912. 227 pp. Mais informa\u00e7\u00f5es, em portugu\u00eas, e <em><strong>texto completo, em ingl\u00eas.<\/strong><\/em><\/div>\n<\/li>\n<li>\n<div style=\"text-align: justify; padding-bottom: 14px;\"><strong>HART,<\/strong> Samuel Hopgood. <span style=\"color: #ff0000;\"><strong>[Ingl\u00eas]<\/strong><\/span> <strong><em><u> <a href=\"https:\/\/annakingsford.com\/portugues\/informacoes_biograficas_e_biografias\/textos\/IBB-P-HartBioPref-Credotxt.htm\" target=\"_blank\" rel=\"noopener\">Biographical Preface<\/a><\/u><\/em><\/strong> (<em>Pref\u00e1cio Biogr\u00e1fico<\/em>). Longo pref\u00e1cio biogr\u00e1fico na obra: <strong><em> <a href=\"https:\/\/annakingsford.com\/portugues\/obras_de_anna_kingsford\/textos\/08-OAKM-P-Credo-web.htm\" target=\"_blank\" rel=\"noopener\"><span style=\"text-decoration: underline;\">The Credo of Christendom: and Other Addresses and Essays on Esoteric Christianity<\/span><\/a><\/em><\/strong> (<em>O Credo da Cristandade: e Outras Palestras e Ensaios sobre Cristianismo Esot\u00e9rico<\/em>). Anna Kingsford e Edward Maitland. (pp. 1-93). John M. Watkins, Londres, 1916. 256 pp. Mais informa\u00e7\u00f5es, em portugu\u00eas, e <em><strong>texto completo, em ingl\u00eas.<\/strong><\/em><\/div>\n<\/li>\n<li>\n<div style=\"text-align: justify; padding-bottom: 14px;\"><strong>HART,<\/strong> Samuel Hopgood. <span style=\"color: #ff0000;\"><strong>[Ingl\u00eas]<\/strong><\/span> <span style=\"text-decoration: underline;\"><strong><em> <a href=\"https:\/\/annakingsford.com\/portugues\/informacoes_biograficas_e_biografias\/textos\/IBB-P-EdMaitland-Veg.htm\" target=\"_blank\" rel=\"noopener\">Edward Maitland and Vegetarianism<\/a><\/em><\/strong><\/span> (<em>Edward Maitland e o Vegetarianismo<\/em>). Esse artigo foi publicado em <strong><em> The Vegetarian Messenger<\/em><\/strong>, em janeiro de 1932. Mais informa\u00e7\u00f5es e <em><strong>texto completo, em ingl\u00eas.<\/strong><\/em><\/div>\n<\/li>\n<li>\n<div style=\"text-align: justify; padding-bottom: 14px;\"><strong>HART,<\/strong> Samuel Hopgood.\u00a0<strong><em><a href=\"https:\/\/annakingsford.com\/portugues\/informacoes_biograficas_e_biografias\/textos\/IBB-P-HartEdwardLife.htm\" target=\"_blank\" rel=\"noopener\"><span style=\"text-decoration: underline;\">Vida e Obra de Edward Maitland<\/span><\/a><\/em><\/strong> (<em>Edward Maitland: His Life and Work<\/em>). <strong><em>Quarterly Transactions of the British College of Psychic Science Ltd.<\/em><\/strong><em> (Atas das Reuni\u00f5es Trimestrais da Faculdade Brit\u00e2nica de Ci\u00eancias Ps\u00edquicas)<\/em>, Vol. X. No. 4. Janeiro de 1932. (pp. 274-283). Mais informa\u00e7\u00f5es e <em><strong> texto completo em portugu\u00eas.<\/strong><\/em><\/div>\n<\/li>\n<li>\n<div style=\"text-align: justify; padding-bottom: 14px;\"><strong>HART,<\/strong> Samuel Hopgood. <span style=\"color: #ff0000;\"><strong>[Ingl\u00eas]<\/strong><\/span> <span style=\"text-decoration: underline;\"><strong><em> <a href=\"https:\/\/annakingsford.com\/portugues\/informacoes_biograficas_e_biografias\/textos\/IBB-P-HartFoodIllumination.htm\" target=\"_blank\" rel=\"noopener\">Food and Illumination<\/a><\/em><\/strong><\/span> (<em>Alimento e Ilumina\u00e7\u00e3o<\/em>). Esse artigo foi publicado em <strong><em> The Vegetarian Messenger<\/em><\/strong>, de setembro de 1920, pp. 39-42. Mais informa\u00e7\u00f5es e <em><strong>texto completo, em ingl\u00eas.<\/strong><\/em><\/div>\n<\/li>\n<li>\n<div style=\"text-align: justify; padding-bottom: 14px;\"><strong>HART,<\/strong> Samuel Hopgood. <span style=\"color: #ff0000;\"><strong>[Ingl\u00eas]<\/strong><\/span> <strong><em> <a href=\"https:\/\/annakingsford.com\/portugues\/informacoes_biograficas_e_biografias\/textos\/IBB-P-HartPrefaceDreams.htm\" target=\"_blank\" rel=\"noopener\"><span style=\"text-decoration: underline;\">Preface to the Third Edition (Dreams and Dream-Stories)<\/span><\/a><\/em><\/strong> (<em>Pref\u00e1cio para a Terceira Edi\u00e7\u00e3o de <strong>Sonhos e Est\u00f3rias de Sonhos<\/strong><\/em>). John M. Watkins, Londres, 1908, pp. 07-15. Mais informa\u00e7\u00f5es e <em><strong>texto completo, em ingl\u00eas.<\/strong><\/em><\/div>\n<\/li>\n<li>\n<div style=\"text-align: justify; padding-bottom: 14px;\"><strong>HART,<\/strong> Samuel Hopgood. <span style=\"color: #ff0000;\"><strong>[Ingl\u00eas]<\/strong><\/span> <span style=\"text-decoration: underline;\"><strong><em> <a href=\"https:\/\/annakingsford.com\/portugues\/informacoes_biograficas_e_biografias\/textos\/IBB-P-HartFoodPerfection.htm\" target=\"_blank\" rel=\"noopener\">The Food of Perfection<\/a><\/em><\/strong><\/span> (<em>O Alimento da Perfei\u00e7\u00e3o<\/em>). Esse artigo foi publicado em <strong><em> The Comet<\/em><\/strong>, wm 17 de\u00a0 abril de 1937 (<strong><em>The Comet<\/em><\/strong> \u00e9 uma publica\u00e7\u00e3o da Nig\u00e9ria). Mais informa\u00e7\u00f5es e <em><strong>texto completo, em ingl\u00eas.<\/strong><\/em><\/div>\n<\/li>\n<li>\n<div style=\"text-align: justify; padding-bottom: 14px;\"><strong>HART,<\/strong> Samuel Hopgood. <span style=\"color: #ff0000;\"><strong>[Ingl\u00eas]<\/strong><\/span> <strong><em> <a href=\"https:\/\/annakingsford.com\/portugues\/informacoes_biograficas_e_biografias\/textos\/IBB-P-LateEdMaitland.htm\" target=\"_blank\" rel=\"noopener\"><span style=\"text-decoration: underline;\">The Late Mr. Edward Maitland<\/span><\/a><\/em><\/strong> (<em>O Saudoso Edward Maitland<\/em>). Esse artigo foi publicado em <strong><em> Light<\/em><\/strong>, em 16 de outubro de 1897. Mais informa\u00e7\u00f5es e <em><strong>texto completo, em ingl\u00eas.<\/strong><\/em><\/div>\n<\/li>\n<li>\n<div style=\"text-align: justify; padding-bottom: 14px;\"><strong>HAUGHTON,<\/strong> Brian. <span style=\"color: #ff0000;\"><strong>[Ingl\u00eas]<\/strong><\/span> <span style=\"text-decoration: underline;\"><em><strong> <a href=\"http:\/\/www.mysteriouspeople.com\/Anna_Bonus_Kingsford.htm\" target=\"_blank\" rel=\"noopener\"> Anna Kingsford \u2013 Theosophy and Mysticism<\/a><\/strong><\/em><\/span> (<em>Anna Kingsford <\/em><em> \u2013<\/em><em> Teosofia e Misticismo<\/em>). Artigo biogr\u00e1fico, resumido e interessante, encontrado no site da Internet: <em><strong>Mysterious People<\/strong><\/em> (<em>Pessoas Misteriosas<\/em>). Texto completo, em ingl\u00eas: <strong>fora do site:<\/strong> <a href=\"http:\/\/www.mysteriouspeople.com\/Anna_Bonus_Kingsford.htm\">http:\/\/www.mysteriouspeople.com\/Anna_Bonus_Kingsford.htm<\/a><\/div>\n<\/li>\n<li>\n<div style=\"text-align: justify; padding-bottom: 14px;\"><strong>MAITLAND,<\/strong> Edward. <span style=\"color: #ff0000;\"><strong>[Ingl\u00eas]<\/strong><\/span> <strong><em><u> <a href=\"https:\/\/annakingsford.com\/portugues\/obras_de_anna_kingsford\/textos\/013-OAKM-P-MaitLife-web.htm\" target=\"_blank\" rel=\"noopener\">Anna Kingsford \u2013 Her Life, Letters, Diary and Work<\/a><\/u><\/em><\/strong> (<em>Anna Kingsford \u2013 Sua Vida, Cartas, Di\u00e1rio e Obra<\/em>). Em dois volumes. 3\u00aa Edi\u00e7\u00e3o, editada por Samuel H. Hart. John M. Watkins, Londres, 1913. Vol. I, 442 pp. e Vol. II, 466 pp. A grande biografia de Anna Kingsford. Mais informa\u00e7\u00f5es em portugu\u00eas, e texto completo, em ingl\u00eas, nesse site.<\/div>\n<\/li>\n<li>\n<div style=\"text-align: justify; padding-bottom: 14px;\"><strong>MAITLAND,<\/strong> Edward. <span style=\"color: #ff0000;\"><strong> [Ingl\u00eas] <\/strong><\/span> <strong><u> <em><a href=\"https:\/\/annakingsford.com\/portugues\/informacoes_biograficas_e_biografias\/textos\/IBB-P-Story\/IBB-P-Story-index.htm\" target=\"_blank\" rel=\"noopener\">The Story of Anna Kingsford and Edward Maitland and of the New Gospel of Interpretation<\/a><\/em><\/u><\/strong> (<em>A Hist\u00f3ria de Anna Kingsford e Edward Maitland e do Novo Evangelho da Interpreta\u00e7\u00e3o<\/em>). 1\u00aa Edi\u00e7\u00e3o, 1893. 2\u00aa Edi\u00e7\u00e3o, 1894. 3\u00aa Edi\u00e7\u00e3o, editada por Samuel H. Hart: Ruskin Press, Birmingham, 1905. 204 pp. Biografia mais curta. Mais informa\u00e7\u00f5es em portugu\u00eas, e texto completo, em ingl\u00eas, nesse site.<\/div>\n<\/li>\n<li>\n<div style=\"text-align: justify; padding-bottom: 14px;\"><strong>MAITLAND,<\/strong> Edward. <strong><span style=\"color: #ff0000;\"> [Ingl\u00eas]<\/span> <em><u> <a href=\"https:\/\/annakingsford.com\/portugues\/informacoes_biograficas_e_biografias\/textos\/IBB-P-MaitTheos.htm\" target=\"_blank\" rel=\"noopener\">Anna Kingsford, Madame Blavatsky and the Theosophists<\/a><\/u><\/em><\/strong> (<em>Anna Kingsford, Madame Blavatsky e os Teosofistas<\/em>). Texto na Internet. Sele\u00e7\u00e3o, feita por Daniel Caldwell, de partes da biografia principal de Edward Maitland, <strong><em>Anna Kingsford \u2013 Her Life, Letters, Di<\/em><\/strong><strong><em>ary and Work<\/em><\/strong>, no site <strong>\u201c<em>Blavatsky Archives\u201d.<\/em><\/strong> Mais informa\u00e7\u00f5es em portugu\u00eas, e o texto completo, em ingl\u00eas,<strong> fora do site: <\/strong><span style=\"text-decoration: underline;\"> <a href=\"http:\/\/www.blavatskyarchives.com\/maitland1913.htm\" target=\"_blank\" rel=\"noopener\">http:\/\/www.blavatskyarchives.com\/maitland1913.htm<\/a><\/span><\/div>\n<\/li>\n<li>\n<div style=\"text-align: justify; padding-bottom: 14px;\"><strong>MAPA DO C\u00c9U<em>,<\/em><\/strong> <span style=\"color: #ff0000;\"><strong> [Franc\u00eas] <\/strong><\/span> <em> <strong><a href=\"https:\/\/annakingsford.com\/portugues\/informacoes_biograficas_e_biografias\/Mapa\/mapa_anna_kingsford.htm\" target=\"_blank\" rel=\"noopener\"><span style=\"text-decoration: underline;\">Carta Natal Astrol\u00f3gica de Anna Kingsford<\/span><\/a><\/strong><\/em>. Texto na Internet. Nascida em 16 de setembro, 1846, \u00e0s 5:00 PM, em Stratford (Inglaterra). Sol em 23\u00b025 Virgem, AS (Ascendente) em 17\u00b000 Aqu\u00e1rio, Lua em 10\u00b023 Le\u00e3o, MC (Medium Coeli, Meio do C\u00e9u) em 11\u00b047 Sagit\u00e1rio. Leia, em franc\u00eas, uma interpreta\u00e7\u00e3o preliminar de sua Carta Natal, do Mapa do C\u00e9u, e das Posi\u00e7\u00f5es dos Planetas. Texto original, <strong>fora do site:<\/strong> <span style=\"text-decoration: underline;\"><a href=\"http:\/\/www.astrotheme.fr\/portraits\/676ycwgc33xw.htm\" target=\"_blank\" rel=\"noopener\">http:\/\/www.astrotheme.fr\/portraits\/676ycwgc33xw.htm<\/a><\/span><\/div>\n<\/li>\n<li>\n<div style=\"text-align: justify; padding-bottom: 14px;\"><strong>NASH, <\/strong>John F. <span style=\"color: #ff0000;\"><strong> [Ingl\u00eas]<\/strong><\/span> <strong><em> <a href=\"https:\/\/annakingsford.com\/portugues\/informacoes_biograficas_e_biografias\/textos\/Anna_Bonus_Kingsford_by_John_Nash.pdf\" target=\"_blank\" rel=\"noopener\"><span style=\"text-decoration: underline;\">Anna Bonus Kingsford (1846-1888)<\/span><\/a><\/em><\/strong>.\u00a0 Publicado na revista <em> <strong>The Esoteric Quarterly<\/strong><\/em> &#8211; Winter 2012. Texto na Internet no site da <em><strong>School for Esoteric Studies<\/strong><\/em>: <span style=\"text-decoration: underline;\"><a href=\"http:\/\/www.esotericquarterly.com\/issues\/EQ07\/EQ0704\/EQ070411-End.pdf\" target=\"_blank\" rel=\"noopener\"> http:\/\/www.esotericquarterly.com\/issues\/EQ07\/EQ0704\/EQ070411-End.pdf<\/a><\/span><\/div>\n<\/li>\n<li>\n<div style=\"text-align: justify; padding-bottom: 14px;\"><strong>PARADOXOS<\/strong> Alpha. <span style=\"color: #ff0000;\"><strong> [Ingl\u00eas]<\/strong><\/span> <strong><em> <a href=\"https:\/\/annakingsford.com\/portugues\/informacoes_biograficas_e_biografias\/Paradoxos\/paradoxos.htm\" target=\"_blank\" rel=\"noopener\"><span style=\"text-decoration: underline;\">Anna Mary Bonus Kingsford \u2013 Esoterista, Vision\u00e1ria, M\u00edstica Herm\u00e9tica<\/span><\/a><\/em><\/strong>. Texto na Internet. Mais informa\u00e7\u00f5es em portugu\u00eas, e texto completo, <em><strong>em ingl\u00eas<\/strong><\/em>, nesse site. Texto original, <strong>fora do site:<\/strong> <span style=\"text-decoration: underline;\"><a href=\"http:\/\/www.hermetic.com\/sabazius\/kingsford.htm\" target=\"_blank\" rel=\"noopener\">http:\/\/www.hermetic.com\/sabazius\/kingsford.htm<\/a><\/span><\/div>\n<\/li>\n<li>\n<div style=\"text-align: justify; padding-bottom: 14px;\"><strong>PERT,<\/strong> Alan. <span style=\"color: #ff0000;\"><strong>[Ingl\u00eas]<\/strong><\/span> <strong><em><a href=\"https:\/\/annakingsford.com\/portugues\/informacoes_biograficas_e_biografias\/textos\/IBB-P-Pert.html\" target=\"_blank\" rel=\"noopener\"><span style=\"text-decoration: underline;\">Biography of Anna Kingsford<\/span><\/a><\/em> <\/strong>(<em>Biografia de Anna Kingsford<\/em>). Uma sint\u00e9tica biografia de Anna Kingsford.<\/div>\n<\/li>\n<li>\n<div style=\"text-align: justify; padding-bottom: 14px;\"><strong>PERT,<\/strong> Alan. <span style=\"color: #ff0000;\"><strong>[Ingl\u00eas]<\/strong><\/span> <strong><em><a href=\"https:\/\/annakingsford.com\/portugues\/informacoes_biograficas_e_biografias\/OOR-P-Divine-LPrice.htm\" target=\"_blank\" rel=\"noopener\"><span style=\"text-decoration: underline;\">Red Cactus: The Life of Anna Kingsford<\/span><\/a><\/em><\/strong> (<em>Cactus Vermelho: a Vida de Anna Kingsford<\/em>). Alan Pert. Wild &amp; Woolley, Watsons Bay, Austr\u00e1lia, 2006. Uma biografia recente, escrita por um pioneiro na divulga\u00e7\u00e3o da mensagem de Anna Kingsford na Internet. Mais informa\u00e7\u00f5es nesse site.<\/div>\n<\/li>\n<li>\n<div style=\"text-align: justify; padding-bottom: 14px;\"><strong>POLYPHILUS,<\/strong> T.<span style=\"color: #ff0000;\"><strong> [Ingl\u00eas] <\/strong><\/span><span style=\"text-decoration: underline;\"><strong><em> <a href=\"https:\/\/annakingsford.com\/portugues\/informacoes_biograficas_e_biografias\/OOR-P-Moon-web.htm\" target=\"_blank\" rel=\"noopener\">The Moon under Her Feet<\/a><\/em><\/strong><\/span> (<em>A Lua sob Seus P\u00e9s<\/em>). Texto na Internet. Mais informa\u00e7\u00f5es em portugu\u00eas, e texto completo, em ingl\u00eas, nesse site. Texto original, <strong>fora do site:<\/strong> <span style=\"text-decoration: underline;\"><a href=\"http:\/\/www.hermetic.com\/dionysos\/abk.htm\" target=\"_blank\" rel=\"noopener\">http:\/\/www.hermetic.com\/dionysos\/abk.htm<\/a><\/span><\/div>\n<\/li>\n<li>\n<div style=\"text-align: justify; padding-bottom: 14px;\"><strong>SHIRLEY,<\/strong> Ralph. <span style=\"color: #ff0000;\"><strong> [Ingl\u00eas]<\/strong><\/span> <strong><em><u> <a href=\"https:\/\/annakingsford.com\/portugues\/informacoes_biograficas_e_biografias\/textos\/IBB-P-ShirAKEMtxt.htm\" target=\"_blank\" rel=\"noopener\">Anna Kingsford &amp; Edward Maitland.<\/a><\/u><\/em><\/strong> Mandrake Press Booklets n\u00ba 13. Mandrake Press, Thame (Inglaterra), 1993. 24 pp. Mais informa\u00e7\u00f5es em portugu\u00eas, e o texto completo, em ingl\u00eas.<\/div>\n<\/li>\n<li>\n<div style=\"text-align: justify; padding-bottom: 14px;\"><strong>SISSON FILHO,<\/strong> Arnaldo; com <strong>CESAR<\/strong>, Marina. <strong><em><u> <a href=\"https:\/\/annakingsford.com\/portugues\/informacoes_biograficas_e_biografias\/textos\/IBB-P-SisM-AKHPBtxt.htm\" target=\"_blank\" rel=\"noopener\">Anna Kingsford e Helena Blavatsky<\/a><\/u><\/em><\/strong>. <strong>Texto completo, em portugu\u00eas, <\/strong>apresentado ao p\u00fablico, pela primeira vez, nesse site.<\/div>\n<\/li>\n<li>\n<div style=\"text-align: justify; padding-bottom: 14px;\"><strong>SISSON FILHO,<\/strong> Arnaldo. <strong><em><u> <a href=\"https:\/\/annakingsford.com\/portugues\/informacoes_biograficas_e_biografias\/textos\/IBB-P-SisABrieftxt.htm\" target=\"_blank\" rel=\"noopener\">Breve Informa\u00e7\u00e3o Biogr\u00e1fica<\/a><\/u><\/em><\/strong>. Texto original escrito para esse site. Bras\u00edlia, 2005. Resumido e traduzido (com adi\u00e7\u00f5es) da <strong><em>Longer Biography of Anna Kingsford<\/em><\/strong> (<em>Biografia Mais Longa de Anna Kingsford<\/em>), de Alan Pert (vide acima). Leia o <strong>texto completo, em portugu\u00eas,<\/strong> nesse site.<\/div>\n<\/li>\n<li>\n<div style=\"text-align: justify; padding-bottom: 14px;\"><strong>SISSON,<\/strong> Marina Cesar. <strong><em><u> <a href=\"https:\/\/annakingsford.com\/portugues\/outras_obras_relacionadas\/obras_relacionadas\/OOR-P-Esfinge\/index.htm\" target=\"_blank\" rel=\"noopener\">A Esfinge Helena Blavatsky<\/a><\/u><\/em><\/strong>. Edi\u00e7\u00e3o da autora, Bras\u00edlia, 2003. 307 pp. Mais informa\u00e7\u00f5es nesse site.<br \/>\n<span style=\"color: #ff0000;\"><strong>[Espanhol]<\/strong><\/span> Tradu\u00e7\u00e3o completa dessa obra para o espanhol no site Dropbox &#8211; <span style=\"text-decoration: underline;\"><strong><em><a href=\"https:\/\/www.dropbox.com\/s\/p96oafurwhlqtf4\/Cesar%20Sisson%20Marina%20-%20La%20Esfinge%20Helena%20Blavatsky.pdf\" target=\"_blank\" rel=\"noopener\"> La Esfinge Helena Blavatsky (PDF)<\/a><\/em><\/strong><\/span><\/div>\n<\/li>\n<\/ul>\n","protected":false},"excerpt":{"rendered":"<p>BLAVATSKY, Helena Petrovna.\u00a0A Falecida Dra. Anna Kingsford (The Late Mrs. Anna Kingsford, M.D.). Em H.P. Blavatsky Collected Writings, Vol. IX,&hellip;<\/p>\n","protected":false},"author":1,"featured_media":0,"parent":0,"menu_order":0,"comment_status":"closed","ping_status":"closed","template":"","meta":{"_seopress_robots_primary_cat":"","_seopress_titles_title":"","_seopress_titles_desc":"","_seopress_robots_index":"","_editorskit_title_hidden":false,"_editorskit_reading_time":0,"_editorskit_is_block_options_detached":false,"_editorskit_block_options_position":"{}","footnotes":""},"class_list":["post-82","page","type-page","status-publish","hentry"],"_links":{"self":[{"href":"https:\/\/annakingsford.com\/portugues\/wp-json\/wp\/v2\/pages\/82","targetHints":{"allow":["GET"]}}],"collection":[{"href":"https:\/\/annakingsford.com\/portugues\/wp-json\/wp\/v2\/pages"}],"about":[{"href":"https:\/\/annakingsford.com\/portugues\/wp-json\/wp\/v2\/types\/page"}],"author":[{"embeddable":true,"href":"https:\/\/annakingsford.com\/portugues\/wp-json\/wp\/v2\/users\/1"}],"replies":[{"embeddable":true,"href":"https:\/\/annakingsford.com\/portugues\/wp-json\/wp\/v2\/comments?post=82"}],"version-history":[{"count":10,"href":"https:\/\/annakingsford.com\/portugues\/wp-json\/wp\/v2\/pages\/82\/revisions"}],"predecessor-version":[{"id":303,"href":"https:\/\/annakingsford.com\/portugues\/wp-json\/wp\/v2\/pages\/82\/revisions\/303"}],"wp:attachment":[{"href":"https:\/\/annakingsford.com\/portugues\/wp-json\/wp\/v2\/media?parent=82"}],"curies":[{"name":"wp","href":"https:\/\/api.w.org\/{rel}","templated":true}]}}