{"id":58,"date":"2023-06-14T20:05:12","date_gmt":"2023-06-14T20:05:12","guid":{"rendered":"https:\/\/annakingsford.com\/portugues\/?page_id=58"},"modified":"2024-01-09T19:34:56","modified_gmt":"2024-01-09T19:34:56","slug":"citacoes-e-textos-selecionados","status":"publish","type":"page","link":"https:\/\/annakingsford.com\/portugues\/citacoes-e-textos-selecionados\/","title":{"rendered":"Cita\u00e7\u00f5es e Textos Selecionados, Gloss\u00e1rio e S\u00ednteses"},"content":{"rendered":"<ul>\n<li><em><strong>Cita\u00e7\u00f5es Selecionadas<\/strong><\/em>\n<ol>\n<li><strong><a href=\"https:\/\/annakingsford.com\/portugues\/citacoes_e_textos_selecionados\/interpretacoes_simbolos.htm\" target=\"_blank\" rel=\"noopener\">Sobre Interpreta\u00e7\u00f5es dos S\u00edmbolos<\/a><\/strong><\/li>\n<li><strong><a href=\"https:\/\/annakingsford.com\/portugues\/citacoes_e_textos_selecionados\/cristianismo_budista.htm\" target=\"_blank\" rel=\"noopener\">Sobre Cristianismo Budista<\/a><\/strong><\/li>\n<li><strong><a href=\"https:\/\/annakingsford.com\/portugues\/citacoes_e_textos_selecionados\/kingsford_maitland.htm\" target=\"_blank\" rel=\"noopener\">Outras de Kingsford e Maitland<\/a><\/strong><\/li>\n<li><strong><a href=\"https:\/\/annakingsford.com\/portugues\/citacoes_e_textos_selecionados\/fora_obras.htm\" target=\"_blank\" rel=\"noopener\">Outras Fora das Obras de Kingsford e Maitland<\/a><\/strong><\/li>\n<li><a href=\"https:\/\/annakingsford.com\/portugues\/citacoes-fundamentais\/\" target=\"_blank\" rel=\"noopener\"><strong>Cita\u00e7\u00f5es Fundamentais<\/strong><\/a><\/li>\n<\/ol>\n<\/li>\n<\/ul>\n<ul>\n<li><a href=\"https:\/\/annakingsford.com\/portugues\/citacoes_e_textos_selecionados\/textos_selecionados.htm\" target=\"_blank\" rel=\"noopener\"><strong><em>Textos Selecionados de Kingsford e Maitland<\/em><\/strong><\/a><\/li>\n<\/ul>\n<div><\/div>\n<ul>\n<li><strong><a href=\"https:\/\/annakingsford.com\/portugues\/glossario-do-evangelho-da-interpretacao\/\" target=\"_blank\" rel=\"noopener\"><em>Gloss\u00e1rio do Evangelho da Interpreta\u00e7\u00e3o<\/em><\/a><\/strong><\/li>\n<\/ul>\n<div><\/div>\n<ul>\n<li><strong><em>S\u00ednteses de Sites e Se\u00e7\u00f5es Relacionados<\/em><\/strong><\/li>\n<li style=\"list-style-type: none;\">\n<ol>\n<li><strong><a href=\"https:\/\/filosofiaperene.com\/sintese-da-filosofia-perene-ou-esoterica\/\" target=\"_blank\" rel=\"noopener\">S\u00edntese da Filosofia Perene (ou Esot\u00e9rica) [Site e Se\u00e7\u00e3o em V\u00e1rios sites]<\/a><\/strong><\/li>\n<li><strong><a href=\"https:\/\/fraternidadeuniversal.com\/sintese-da-fraternidade-universal-como-uma-lei-e-sua-importancia\/\" target=\"_blank\" rel=\"noopener\">S\u00edntese da Fraternidade Universal Como uma Lei [Site e Se\u00e7\u00e3o em V\u00e1rios sites]<\/a><\/strong><\/li>\n<li><strong><a href=\"https:\/\/evangelhodainterpretacao.com\/sintese-do-novo-evangelho-da-interpretacao\/\" target=\"_blank\" rel=\"noopener\">S\u00edntese do \u201cNovo\u201d Evangelho da Interpreta\u00e7\u00e3o [Site e Se\u00e7\u00e3o em V\u00e1rios sites]<\/a><\/strong><\/li>\n<li><strong><a href=\"https:\/\/www.cristianismobudista.com\/sintese-do-cristianismo-budista\/\" target=\"_blank\" rel=\"noopener\">S\u00edntese do Cristianismo Budista [Site e Se\u00e7\u00e3o em V\u00e1rios sites]<\/a><\/strong><\/li>\n<li><strong><a href=\"http:\/\/www.humanitarismo.com.br\/sintese-do-humanitarismo\/\" target=\"_blank\" rel=\"noopener\">S\u00edntese do Humanitarismo [Site e Se\u00e7\u00e3o em V\u00e1rios sites]<\/a><\/strong><\/li>\n<li><strong><a href=\"https:\/\/www.democraciadofuturo.com\/sintese-da-democracia-do-futuro\/\" target=\"_blank\" rel=\"noopener\">S\u00edntese da Democracia do Futuro [Site e Se\u00e7\u00e3o em V\u00e1rios sites]<\/a><\/strong><\/li>\n<li><a href=\"https:\/\/www.rodaecruz.com\/sintese-do-vegetarianismo\/\" target=\"_blank\" rel=\"noopener\"><strong>S\u00edntese do Vegetarianismo [Se\u00e7\u00e3o em V\u00e1rios sites]<\/strong><\/a><\/li>\n<\/ol>\n<\/li>\n<\/ul>\n","protected":false},"excerpt":{"rendered":"<p>Cita\u00e7\u00f5es Selecionadas Sobre Interpreta\u00e7\u00f5es dos S\u00edmbolos Sobre Cristianismo Budista Outras de Kingsford e Maitland Outras Fora das Obras de Kingsford&hellip;<\/p>\n","protected":false},"author":1,"featured_media":0,"parent":0,"menu_order":0,"comment_status":"closed","ping_status":"closed","template":"","meta":{"_seopress_robots_primary_cat":"","_seopress_titles_title":"","_seopress_titles_desc":"","_seopress_robots_index":"","_editorskit_title_hidden":false,"_editorskit_reading_time":0,"_editorskit_is_block_options_detached":false,"_editorskit_block_options_position":"{}","footnotes":""},"class_list":["post-58","page","type-page","status-publish","hentry"],"_links":{"self":[{"href":"https:\/\/annakingsford.com\/portugues\/wp-json\/wp\/v2\/pages\/58","targetHints":{"allow":["GET"]}}],"collection":[{"href":"https:\/\/annakingsford.com\/portugues\/wp-json\/wp\/v2\/pages"}],"about":[{"href":"https:\/\/annakingsford.com\/portugues\/wp-json\/wp\/v2\/types\/page"}],"author":[{"embeddable":true,"href":"https:\/\/annakingsford.com\/portugues\/wp-json\/wp\/v2\/users\/1"}],"replies":[{"embeddable":true,"href":"https:\/\/annakingsford.com\/portugues\/wp-json\/wp\/v2\/comments?post=58"}],"version-history":[{"count":20,"href":"https:\/\/annakingsford.com\/portugues\/wp-json\/wp\/v2\/pages\/58\/revisions"}],"predecessor-version":[{"id":274,"href":"https:\/\/annakingsford.com\/portugues\/wp-json\/wp\/v2\/pages\/58\/revisions\/274"}],"wp:attachment":[{"href":"https:\/\/annakingsford.com\/portugues\/wp-json\/wp\/v2\/media?parent=58"}],"curies":[{"name":"wp","href":"https:\/\/api.w.org\/{rel}","templated":true}]}}