{"id":31,"date":"2023-06-14T19:43:25","date_gmt":"2023-06-14T19:43:25","guid":{"rendered":"https:\/\/annakingsford.com\/portugues\/?page_id=31"},"modified":"2024-10-23T20:18:09","modified_gmt":"2024-10-23T20:18:09","slug":"apresentacao","status":"publish","type":"page","link":"https:\/\/annakingsford.com\/portugues\/apresentacao\/","title":{"rendered":"Apresenta\u00e7\u00e3o"},"content":{"rendered":"<p style=\"text-align: justify; text-indent: 36.0pt;\" align=\"justify\"><strong><em><u>APRESENTA\u00c7\u00c3O<\/u><\/em><\/strong><strong><em> \u2014 <u>QUEM SOMOS?<\/u> \u2014 <u>CONTATO<\/u><\/em><\/strong><\/p>\n<hr \/>\n<p style=\"text-align: justify; text-indent: 36.0pt;\" align=\"justify\">\u25ba <em><strong><u>APRESENTA\u00c7\u00c3O<\/u><\/strong><\/em><\/p>\n<p style=\"text-align: justify; text-indent: 36.0pt;\" align=\"justify\">Este site <em><strong>\u201cAnna Kingsford\u201d<\/strong><\/em>, assim como os sites associados <a href=\"http:\/\/www.filosofiaperene.com\/\"><em><strong>A Filosofia Perene<\/strong><\/em><\/a>; <a href=\"http:\/\/www.fraternidadeuniversal.com\" target=\"_blank\" rel=\"noopener\"><em><strong>A\u00a0Fraternidade Universal Como uma Lei<\/strong><\/em><\/a>; <a href=\"http:\/\/www.evangelhodainterpretacao.com\/\" target=\"_blank\" rel=\"noopener\"><strong><em>O \u201cNovo\u201d Evangelho da Interpreta\u00e7\u00e3o<\/em><\/strong><\/a>; <a href=\"http:\/\/www.cristianismobudista.com\" target=\"_blank\" rel=\"noopener\"><em><strong>O Cristianismo Budista<\/strong><\/em><\/a>; <a href=\"http:\/\/www.rodaecruz.com\/\" target=\"_blank\" rel=\"noopener\"><em><strong>A Roda e a Cruz<\/strong><\/em><\/a>;\u00a0 <a href=\"http:\/\/www.democraciadofuturo.com\" target=\"_blank\" rel=\"noopener\"><em><strong>A Democracia do Futuro<\/strong><\/em><\/a>; <a href=\"http:\/\/www.humanitarismo.com.br\" target=\"_blank\" rel=\"noopener\"><em><strong>O Humanitarismo<\/strong><\/em><\/a>; <a href=\"http:\/\/www.ideiasmundomelhor.com\" target=\"_blank\" rel=\"noopener\"><em><strong>Ideias para um Mundo Melhor<\/strong><\/em><\/a> e a <a href=\"https:\/\/www.rodaecruz.com\/fazenda-sao-columbano-roda-e-cruz\/\" target=\"_blank\" rel=\"noopener\"><strong><em>Fazenda<\/em><\/strong><\/a> que tem \u201ca Roda e a Cruz\u201d\u00a0 (s\u00edmbolos do Budismo e do Cristianismo) em suas denomina\u00e7\u00f5es; bem como os demais <a href=\"https:\/\/www.rodaecruz.com\/sites-e-paginas-associados\/\" target=\"_blank\" rel=\"noopener\"><em><strong>Sites e P\u00e1ginas Associados<\/strong><\/em><\/a>, s\u00e3o deriva\u00e7\u00f5es da <a href=\"http:\/\/www.filosofiaperene.com\/\" target=\"_blank\" rel=\"noopener\"><strong><em>Filosofia Perene<\/em><\/strong><\/a>, e sua grande <a href=\"http:\/\/www.fraternidadeuniversal.com\" target=\"_blank\" rel=\"noopener\"><strong><em>Lei Natural da Fraternidade Universal<\/em><\/strong>.<\/a><\/p>\n<p style=\"text-align: justify; text-indent: 36.0pt;\" align=\"justify\">A <em><strong>Filosofia Perene<\/strong><\/em> e a sua <em><strong>Lei Natural da Fraternidade Universal<\/strong> <\/em>est\u00e3o presentes em todas as grandes tradi\u00e7\u00f5es religiosas e filos\u00f3ficas, apenas sob diferentes s\u00edmbolos, linguagens e, portanto, culturas. Aqui nesse Site essa Filosofia e essa grande Lei Natural procuram ser transmitidas ao mundo, sobretudo,\u00a0por meio da divulga\u00e7\u00e3o dos ensinamentos (ainda pouco conhecidos)\u00a0do\u00a0<a href=\"http:\/\/www.evangelhodainterpretacao.com\" target=\"_blank\" rel=\"noopener\"><strong><em>\u201cNovo\u201d Evangelho da Interpreta\u00e7\u00e3o<\/em><\/strong><\/a>, \u00a0bem como pela divulga\u00e7\u00e3o\u00a0de assuntos e autores em harmonia com essa mensagem. Essa \u00e9 a denomina\u00e7\u00e3o da mensagem filos\u00f3fico-religiosa legada ao mundo pela Dra. Anna Kingsford e por Edward Maitland, a qual, segundo nossas melhores luzes, cont\u00e9m o verdadeiro significado m\u00edstico (profundo, espiritual) do Cristianismo.<\/p>\n<p style=\"text-align: justify; text-indent: 36.0pt;\" align=\"justify\">Esse resgate da interpreta\u00e7\u00e3o verdadeira dos s\u00edmbolos e da mensagem do Cristianismo trata-se de algo da maior import\u00e2ncia no que diz respeito \u00e0s possibilidades de supera\u00e7\u00e3o dos problemas mundiais. Vejamos alguns argumentos e fatos em suporte dessa afirma\u00e7\u00e3o.<\/p>\n<p style=\"text-align: justify; text-indent: 36.0pt;\" align=\"justify\">Em primeiro lugar, h\u00e1 o fato de que o Cristianismo \u00e9 um dos pilares da civiliza\u00e7\u00e3o ocidental, e que esse modelo civilizat\u00f3rio esta amplamente dominando o mundo. E como esse modelo civilizat\u00f3rio, mesmo que contenha aspectos positivos, est\u00e1 conduzindo o mundo no rumo de gigantescas cat\u00e1strofes, \u00e9 necess\u00e1rio reformar suas colunas mestras. Al\u00e9m do Cristianismo que a\u00ed est\u00e1, com seu sectarismo e sua idolatria, temos como outro pilar a Ci\u00eancia Moderna, que tornou-se dominante ao n\u00edvel das elites, e que est\u00e1 dominada pelo Materialismo.<\/p>\n<p style=\"text-align: justify; text-indent: 36.0pt;\" align=\"justify\">Assim, o modelo civilizat\u00f3rio da modernidade est\u00e1 em nossos dias estruturado sobre bases metaf\u00edsicas e \u00e9ticas falsas, quer no campo filos\u00f3fico-religioso, quer no campo cient\u00edfico. E da\u00ed decorrem as suas incompetentes e injustas grandes institui\u00e7\u00f5es sociais. Se nossos pressupostos forem verdadeiros, ent\u00e3o o mundo necessita de uma grande reforma intelectual, que apresente bases metaf\u00edsicas e \u00e9ticas mais verdadeiras e justas.<\/p>\n<p style=\"text-align: justify; text-indent: 36.0pt;\" align=\"justify\">Essa grande reforma, portanto, deve abarcar a religi\u00e3o, a filosofia e a ci\u00eancia da modernidade at\u00e9 nossos dias. E o <em><strong>\u201c<\/strong><\/em><strong><em>Novo Evangelho da Interpreta\u00e7\u00e3o<\/em><\/strong><em><strong>\u201d<\/strong><\/em> \u00e9 um exemplo pioneiro dessa grande reforma nos campos filos\u00f3fico e religioso. Um exemplo de reforma interpretativa que deve ser analogamente aplicado \u00e0s demais grandes tradi\u00e7\u00f5es religiosas e filos\u00f3ficas da humanidade. Um exemplo que por ser ao mesmo tempo verdadeiramente cat\u00f3lico (universal, n\u00e3o sect\u00e1rio) e cient\u00edfico (com atitude experimental), pode aproximar e harmonizar esses tr\u00eas campos fundamentais do conhecimento humano: religi\u00e3o, filosofia e ci\u00eancia.<\/p>\n<p style=\"text-align: justify; text-indent: 36.0pt;\" align=\"justify\">\u00c9 importante deixar bem claro, repetindo, que \u00a0a <em><strong>Filosofia Perene<\/strong><\/em> e sua grande <em><strong>Lei Natural da Fraternidade Universal,<\/strong><\/em> que fundamentam o <em><strong>\u201c<\/strong><\/em><strong><em>Novo Evangelho da Interpreta\u00e7\u00e3o<\/em><\/strong><em><strong>\u201d,<\/strong><\/em> tamb\u00e9m podem ser transmitidas ao mundo atrav\u00e9s de outras tradi\u00e7\u00f5es religiosas e filos\u00f3ficas, e mesmo atrav\u00e9s da ci\u00eancia moderna e das artes. Essa perspectiva intelectual (vis\u00e3o de mundo) unida a uma pr\u00e1tica coerente com a <em><strong>Lei Natural da Fraternidade Universal<\/strong><\/em>, isto \u00e9, que seja ao mesmo tempo cat\u00f3lica (universal) e cient\u00edfica (experimental), \u00e9 necess\u00e1ria para uma difus\u00e3o de princ\u00edpios metaf\u00edsicos e \u00e9ticos de uma forma coerente e harm\u00f4nica com a pr\u00f3pria exist\u00eancia da Filosofia Perene e sua grande Lei Natural da Fraternidade Universal (vide o texto <a href=\"http:\/\/www.filosofiaperene.com\/sintese-da-filosofia-perene-ou-esoterica\/\" target=\"_blank\" rel=\"noopener\"><em><strong>Filosofia Perene: Aspectos Gerais e sua Import\u00e2ncia<\/strong><\/em><\/a>).<\/p>\n<p style=\"text-align: justify; text-indent: 36.0pt;\" align=\"justify\">Dentro do imenso trabalho interpretativo das Escrituras crist\u00e3s, que \u00e9 o principal aspecto desse <em><strong>\u201cNovo\u201d Evangelho<\/strong><\/em>, encontramos a clara exposi\u00e7\u00e3o da necess\u00e1ria complementaridade e unidade existente entre o Budismo e o Cristianismo \u2013 <a href=\"http:\/\/www.cristianismobudista.com\/\" target=\"_blank\" rel=\"noopener\"><em><strong>O Cristianismo Budista<\/strong><\/em><\/a>. E a \u00e9tica (valores) e principais institui\u00e7\u00f5es sociais derivadas da Lei Natural da Fraternidade Universal (cora\u00e7\u00e3o da doutrina e da vida do Cristianismo Budista) s\u00e3o as bases da filosofia social denominada de <a href=\"http:\/\/www.humanitarismo.com.br\/\" target=\"_blank\" rel=\"noopener\"><em><strong>Humanitarismo<\/strong><\/em><\/a>, e seu novo modelo de organiza\u00e7\u00e3o sociopol\u00edtica, denominado de <a href=\"http:\/\/www.democraciadofuturo.com\/\" target=\"_blank\" rel=\"noopener\"><em><strong>Democracia (Participativa) do Futuro<\/strong><\/em><\/a>.<\/p>\n<p style=\"text-align: justify; text-indent: 36.0pt;\" align=\"justify\">Desse modo, todo o conte\u00fado deste Site est\u00e1 ligado e \u00e9 complementar aos demais <a href=\"https:\/\/www.rodaecruz.com\/sites-e-paginas-associados\/\" target=\"_blank\" rel=\"noopener\"><em><strong>Sites e P\u00e1ginas Associados<\/strong><\/em><\/a>, que tratam dos v\u00e1rios aspectos do trabalho de difus\u00e3o dessa grande mensagem.<\/p>\n<p style=\"text-align: justify; text-indent: 36.0pt;\" align=\"justify\"><span class=\"Y2IQFc\" lang=\"pt\">Para uma vis\u00e3o sint\u00e9tica da vida e da mensagem da Dra. Anna Kingsford e Edward Maitland, recomendamos alguns textos introdut\u00f3rios:<\/span><\/p>\n<ul>\n<li><strong><em><a href=\"https:\/\/annakingsford.com\/portugues\/informacoes_biograficas_e_biografias\/textos\/IBB-P-HartAnnaLife.htm\" target=\"_blank\" rel=\"noopener\">Anna Kingsford: Sua Vida e Obra<\/a><\/em><\/strong><\/li>\n<li><strong><em><a href=\"https:\/\/annakingsford.com\/portugues\/informacoes_biograficas_e_biografias\/textos\/IBB-P-HartMemoAKtxt.htm\" target=\"_blank\" rel=\"noopener\">Em Mem\u00f3ria de Anna Kingsford<\/a><\/em><\/strong><\/li>\n<li><strong><em><a href=\"https:\/\/annakingsford.com\/portugues\/outras_obras_relacionadas\/obras_relacionadas\/OOR-P-PorQueSiteAK.htm\" target=\"_blank\" rel=\"noopener\">Por Que Foi Criado o Site Anna Kingsford?<\/a><\/em><\/strong><\/li>\n<li><strong><em><a href=\"https:\/\/annakingsford.com\/portugues\/outras_obras_relacionadas\/obras_relacionadas\/OOR-P-ColoquioAK\/index.htm\" target=\"_blank\" rel=\"noopener\">O Resgate do Cristianismo Budista: A Relev\u00e2ncia da Mensagem da Dra. Anna Kingsford<\/a><\/em><\/strong><\/li>\n<li><strong><em><a href=\"https:\/\/annakingsford.com\/portugues\/obras_de_anna_kingsford\/textos\/OAKM-P-Novoevangelho-web.htm\" target=\"_blank\" rel=\"noopener\">O \u201cNovo<\/a><a href=\"https:\/\/annakingsford.com\/portugues\/obras_de_anna_kingsford\/textos\/OAKM-P-Novoevangelho-web.htm\" target=\"_blank\" rel=\"noopener\">\u201d<\/a><a href=\"https:\/\/annakingsford.com\/portugues\/obras_de_anna_kingsford\/textos\/OAKM-P-Novoevangelho-web.htm\" target=\"_blank\" rel=\"noopener\"> Evangelho da Interpreta\u00e7\u00e3o: Um Resumo do Cristianismo M\u00edstico da Dra. Anna Kingsford<\/a><\/em><\/strong><\/li>\n<li><strong><em><a href=\"https:\/\/annakingsford.com\/portugues\/obras_de_anna_kingsford\/textos\/OAKM-P-CrieLTC\/OAKM-P-CrieLTC.htm\" target=\"_blank\" rel=\"noopener\">A Verdade Viva no Cristianismo<\/a><\/em><\/strong><\/li>\n<li><a href=\"https:\/\/annakingsford.com\/portugues\/obras_de_anna_kingsford\/textos\/06-OAKM-P-Credo-\/OAKM-P-Credo-01.htm\" target=\"_blank\" rel=\"noopener\"><em><strong>O Credo do Cristianismo<\/strong><\/em><\/a><\/li>\n<li><strong><em><a href=\"https:\/\/annakingsford.com\/portugues\/obras_de_anna_kingsford\/textos\/OAKM-P-VegBib-OP1\/index.htm\" target=\"_blank\" rel=\"noopener\">O Vegetarianismo e a B\u00edblia<\/a><\/em><\/strong><\/li>\n<\/ul>\n<p style=\"text-align: justify; text-indent: 36.0pt;\" align=\"justify\">Ao lado dessa <em><strong>Apresenta\u00e7\u00e3o<\/strong><\/em>, este Site est\u00e1 organizado em v\u00e1rias Se\u00e7\u00f5es, onde tamb\u00e9m temos p\u00e1ginas com listas dos <a href=\"https:\/\/annakingsford.com\/portugues\/autores\/\" target=\"_blank\" rel=\"noopener\"><em><strong>Autores<\/strong><\/em><\/a> e das <a href=\"https:\/\/annakingsford.com\/portugues\/obras\/\" target=\"_blank\" rel=\"noopener\"><em><strong>Obras <\/strong><\/em><\/a>(oferecidas no Site, com refer\u00eancias bibliogr\u00e1ficas completas). Essas listas visam auxiliar nas buscas, bastando utilizar os links, ou usar os <strong><em>mecanismos de busca geral no Site<\/em><\/strong>, quer na p\u00e1gina de in\u00edcio, quer no alto \u00e0 direita das demais p\u00e1ginas iniciais do Site. Esses buscadores gerais servem para qualquer outra pesquisa que possa surgir dentro do acervo geral do Site.<\/p>\n<p style=\"text-align: justify; text-indent: 36.0pt;\" align=\"justify\">Al\u00e9m dessa Apresenta\u00e7\u00e3o, da estrutura de organiza\u00e7\u00e3o e dos mecanismos de busca, o site apresenta uma se\u00e7\u00e3o com um conjunto de <a href=\"https:\/\/annakingsford.com\/portugues\/citacoes-e-textos-selecionados\/\" target=\"_blank\" rel=\"noopener\"><em><strong>Cita\u00e7\u00f5es e Textos Selecionados<\/strong><\/em><\/a>, al\u00e9m de uma se\u00e7\u00e3o inteira com <a href=\"https:\/\/annakingsford.com\/portugues\/informacoes-biograficas-e-biografias\/\" target=\"_blank\" rel=\"noopener\"><em><strong>Informa\u00e7\u00f5es Biogr\u00e1ficas<\/strong><\/em><\/a> da Dra. Anna Kingsford e de seu grande colaborador Edward Maitland. Essas duas \u00faltimas se\u00e7\u00f5es tamb\u00e9m visam dar aos visitantes uma vis\u00e3o geral e sint\u00e9tica das grandes ideias que estruturam qualitativamente o seu conte\u00fado.<\/p>\n<p style=\"text-align: justify; text-indent: 36.0pt;\" align=\"justify\">Como mencionado acima, toda a mensagem do site est\u00e1, na medida das nossas possibilidades, apoiada e complementada por <a href=\"https:\/\/www.rodaecruz.com\/sites-e-paginas-associados\/\" target=\"_blank\" rel=\"noopener\"><em><strong>outros sites, bem como por p\u00e1ginas nas redes sociais<\/strong><\/em><\/a>, coment\u00e1rios em canais de v\u00eddeo, palestras e livros.<\/p>\n<hr \/>\n<p style=\"text-align: justify; text-indent: 36.0pt;\" align=\"justify\">\u25ba <em><strong><u>QUEM SOMOS?<\/u><\/strong><\/em><\/p>\n<p><strong>Dire\u00e7\u00e3o-Geral<br \/>\n<\/strong>\u2013 Arnaldo Sisson Filho<\/p>\n<p><strong>Colaboradores<br \/>\n<\/strong>\u2013 Brian McAllister<strong><br \/>\n<\/strong>\u2013 Donald Granger<strong><br \/>\n<\/strong>\u2013 Luis Antonio de Souza<strong><br \/>\n<\/strong>\u2013 Ralph Johnson<\/p>\n<p><strong>Webmaster<br \/>\n<\/strong>\u2013 Luis Henrique de Souza<\/p>\n<p><strong>Designer<br \/>\n<\/strong>\u2013 Paulo Brumana<\/p>\n<p><strong>Tradu\u00e7\u00e3o<br \/>\n<\/strong>\u2013 Arnaldo Sisson Filho<br \/>\n\u2013 Daniel M. Alves<\/p>\n<p><strong>Agradecimento aos Colaboradores An\u00f4nimos<br \/>\n<\/strong><\/p>\n<p align=\"justify\">\u2013 Nosso reconhecimento e agradecimento aos colaboradores an\u00f4nimos, cujo aux\u00edlio tem sido importante para o desenvolvimento desse site.<\/p>\n<hr \/>\n<p style=\"text-align: justify; text-indent: 36.0pt;\" align=\"justify\">\u25ba <em><strong><u>CONTATO<\/u><\/strong><\/em><\/p>\n<p style=\"text-align: justify; text-indent: 36.0pt;\" align=\"justify\">Prezado Leitor,<\/p>\n<p style=\"text-align: justify; text-indent: 36.0pt;\" align=\"justify\">Para contatar com o Administrador do <em><strong>Site Anna Kingsford<\/strong><\/em>, envie sua mensagem para o endere\u00e7o que aparece abaixo. Suas sugest\u00f5es, contribui\u00e7\u00f5es, d\u00favidas e cr\u00edticas s\u00e3o muito bem-vindas e faremos o poss\u00edvel para responder todas as mensagens recebidas.<\/p>\n<p style=\"text-align: justify; text-indent: 36.0pt;\" align=\"justify\">Envie sua mensagem para: <img loading=\"lazy\" decoding=\"async\" class=\"alignnone size-full wp-image-278\" src=\"https:\/\/annakingsford.com\/portugues\/wp-content\/uploads\/2024\/02\/email.gif\" alt=\"\" width=\"163\" height=\"22\" \/><\/p>\n","protected":false},"excerpt":{"rendered":"<p>APRESENTA\u00c7\u00c3O \u2014 QUEM SOMOS? \u2014 CONTATO \u25ba APRESENTA\u00c7\u00c3O Este site \u201cAnna Kingsford\u201d, assim como os sites associados A Filosofia Perene;&hellip;<\/p>\n","protected":false},"author":1,"featured_media":0,"parent":0,"menu_order":0,"comment_status":"closed","ping_status":"closed","template":"","meta":{"_seopress_robots_primary_cat":"","_seopress_titles_title":"","_seopress_titles_desc":"","_seopress_robots_index":"","_editorskit_title_hidden":false,"_editorskit_reading_time":0,"_editorskit_is_block_options_detached":false,"_editorskit_block_options_position":"{}","footnotes":""},"class_list":["post-31","page","type-page","status-publish","hentry"],"_links":{"self":[{"href":"https:\/\/annakingsford.com\/portugues\/wp-json\/wp\/v2\/pages\/31","targetHints":{"allow":["GET"]}}],"collection":[{"href":"https:\/\/annakingsford.com\/portugues\/wp-json\/wp\/v2\/pages"}],"about":[{"href":"https:\/\/annakingsford.com\/portugues\/wp-json\/wp\/v2\/types\/page"}],"author":[{"embeddable":true,"href":"https:\/\/annakingsford.com\/portugues\/wp-json\/wp\/v2\/users\/1"}],"replies":[{"embeddable":true,"href":"https:\/\/annakingsford.com\/portugues\/wp-json\/wp\/v2\/comments?post=31"}],"version-history":[{"count":8,"href":"https:\/\/annakingsford.com\/portugues\/wp-json\/wp\/v2\/pages\/31\/revisions"}],"predecessor-version":[{"id":284,"href":"https:\/\/annakingsford.com\/portugues\/wp-json\/wp\/v2\/pages\/31\/revisions\/284"}],"wp:attachment":[{"href":"https:\/\/annakingsford.com\/portugues\/wp-json\/wp\/v2\/media?parent=31"}],"curies":[{"name":"wp","href":"https:\/\/api.w.org\/{rel}","templated":true}]}}