{"id":192,"date":"2023-06-21T19:50:17","date_gmt":"2023-06-21T19:50:17","guid":{"rendered":"https:\/\/annakingsford.com\/portugues\/?page_id=192"},"modified":"2023-09-28T20:09:22","modified_gmt":"2023-09-28T20:09:22","slug":"o-evangelho-dos-doze-santos","status":"publish","type":"page","link":"https:\/\/annakingsford.com\/portugues\/o-evangelho-dos-doze-santos\/","title":{"rendered":"O Evangelho dos Doze Santos"},"content":{"rendered":"<p style=\"text-indent: 36pt;\" align=\"justify\"><strong>OUSELEY<\/strong>, Gideon Jasper Richard. <strong><em> The Gospel of the Holy Twelve; Known Also as the Gospel of the Perfect Life<\/em><\/strong> (<em>O Evangelho dos Doze Santos; Conhecido Tamb\u00e9m como o Evangelho da Vida Perfeita<\/em>). Edi\u00e7\u00e3o denominada de Quinta Edi\u00e7\u00e3o, baseada na \u00faltima edi\u00e7\u00e3o em vida do Rev. Ouseley (de mar\u00e7o de 1904), contendo como anexo o texto de Samuel H. Hart, <em><strong><a href=\"https:\/\/annakingsford.com\/portugues\/em-memoria-do-rev-g-j-r-ouseley\/\" target=\"_blank\" rel=\"noopener\">\u201cEm Mem\u00f3ria do Rev. G.J.R. Ouseley\u201d<\/a>, <\/strong><\/em>escrito em 1952. Essa Quinta Edi\u00e7\u00e3o data de 1954.<\/p>\n<p style=\"text-indent: 36pt;\" align=\"justify\"><strong> Informa\u00e7\u00f5es:<\/strong> \u00c9 a obra mais conhecida do Rev. Ouseley. Em seu \u201c<em>Pref\u00e1cio<\/em>\u201d encontramos a seguinte passagem, que nos d\u00e1 uma ideia acerca da import\u00e2ncia por ele atribu\u00edda a Anna Kingsford e Edward Maitland em rela\u00e7\u00e3o a essa obra:<\/p>\n<p style=\"text-indent: 36pt;\" align=\"justify\"><em><strong>\u201cNesta comunidade (Ess\u00eanios) Jesus e Seu primo Jo\u00e3o foram criados desde a inf\u00e2ncia (&#8230;). Seu \u201cEvangelho dos Doze Santos\u201d foi comunicado para o Editor, em numerosos fragmentos em diferentes momentos, por Emmanuel Swedenborg, Anna Kingsford, Edward Maitland, e um sacerdote de um s\u00e9culo anterior, que deu seu nome como Placidus, da Ordem Franciscana. Por eles esse Evangelho foi traduzido do Aramaico, e dado ao Editor ao vivo (diretamente), para ser suplementado nos lugares apropriados, onde indicado, com base nos \u201cQuatro Evangelhos\u201d, revisados pelo mesmo onde julgasse necess\u00e1rio.\u201d<\/strong><\/em><\/p>\n<p style=\"padding-left: 36px;\" align=\"justify\"><em><strong>Texto completo, em ingl\u00eas, nesse site:<\/strong><\/em><\/p>\n<p style=\"padding-left: 36px;\" align=\"justify\"><a href=\"https:\/\/annakingsford.com\/The_gospel_of_the_holy_twelve.pdf\" target=\"_blank\" rel=\"noopener\"><strong><em>https:\/\/annakingsford.com\/The_gospel_of_the_holy_twelve.pdf<\/em><\/strong><\/a><\/p>\n","protected":false},"excerpt":{"rendered":"<p>OUSELEY, Gideon Jasper Richard. The Gospel of the Holy Twelve; Known Also as the Gospel of the Perfect Life (O&hellip;<\/p>\n","protected":false},"author":1,"featured_media":0,"parent":0,"menu_order":0,"comment_status":"closed","ping_status":"closed","template":"","meta":{"_seopress_robots_primary_cat":"","_seopress_titles_title":"","_seopress_titles_desc":"","_seopress_robots_index":"","_editorskit_title_hidden":false,"_editorskit_reading_time":0,"_editorskit_is_block_options_detached":false,"_editorskit_block_options_position":"{}","footnotes":""},"class_list":["post-192","page","type-page","status-publish","hentry"],"_links":{"self":[{"href":"https:\/\/annakingsford.com\/portugues\/wp-json\/wp\/v2\/pages\/192","targetHints":{"allow":["GET"]}}],"collection":[{"href":"https:\/\/annakingsford.com\/portugues\/wp-json\/wp\/v2\/pages"}],"about":[{"href":"https:\/\/annakingsford.com\/portugues\/wp-json\/wp\/v2\/types\/page"}],"author":[{"embeddable":true,"href":"https:\/\/annakingsford.com\/portugues\/wp-json\/wp\/v2\/users\/1"}],"replies":[{"embeddable":true,"href":"https:\/\/annakingsford.com\/portugues\/wp-json\/wp\/v2\/comments?post=192"}],"version-history":[{"count":9,"href":"https:\/\/annakingsford.com\/portugues\/wp-json\/wp\/v2\/pages\/192\/revisions"}],"predecessor-version":[{"id":248,"href":"https:\/\/annakingsford.com\/portugues\/wp-json\/wp\/v2\/pages\/192\/revisions\/248"}],"wp:attachment":[{"href":"https:\/\/annakingsford.com\/portugues\/wp-json\/wp\/v2\/media?parent=192"}],"curies":[{"name":"wp","href":"https:\/\/api.w.org\/{rel}","templated":true}]}}