{"id":16,"date":"2023-06-14T19:28:17","date_gmt":"2023-06-14T19:28:17","guid":{"rendered":"https:\/\/annakingsford.com\/portugues\/?page_id=16"},"modified":"2025-05-20T20:15:01","modified_gmt":"2025-05-20T20:15:01","slug":"secoes-do-site","status":"publish","type":"page","link":"https:\/\/annakingsford.com\/portugues\/","title":{"rendered":"Se\u00e7\u00f5es do Site"},"content":{"rendered":"<div style=\"padding-bottom: 20px; text-align: left;\">\n<figure id=\"attachment_22\" aria-describedby=\"caption-attachment-22\" style=\"width: 329px\" class=\"wp-caption alignleft\"><img loading=\"lazy\" decoding=\"async\" class=\"wp-image-22\" src=\"https:\/\/annakingsford.com\/portugues\/wp-content\/uploads\/2023\/06\/Annak2-212x300.jpg\" alt=\"\" width=\"329\" height=\"466\" srcset=\"https:\/\/annakingsford.com\/portugues\/wp-content\/uploads\/2023\/06\/Annak2-212x300.jpg 212w, https:\/\/annakingsford.com\/portugues\/wp-content\/uploads\/2023\/06\/Annak2.jpg 302w\" sizes=\"auto, (max-width: 329px) 100vw, 329px\" \/><figcaption id=\"caption-attachment-22\" class=\"wp-caption-text\">Anna Kingsford (1846-1888)<\/figcaption><\/figure>\n<p><b><em>\u00a0\u00a0\u00a0\u00a0\u00a0\u00a0\u00a0\u00a0\u00a0\u00a0\u00a0 \u00a0 \u00a0 \u00a0 \u00a0 \u00a0 Se\u00e7\u00f5es do Site:<\/em><\/b><\/p>\n<\/div>\n<div style=\"padding-bottom: 5px;\"><strong>\u2022 <a href=\"https:\/\/annakingsford.com\/portugues\/busca\/\" target=\"_blank\" rel=\"noopener\">Buscas no Site: Informa\u00e7\u00f5es e Mecanismos<\/a><br \/>\n\u2022 <a href=\"https:\/\/annakingsford.com\/portugues\/obras-e-textos-em-portugues\/\" target=\"_blank\" rel=\"noopener\">Obras e Textos em Portugu\u00eas<\/a><\/strong><\/div>\n<div style=\"padding-bottom: 5px;\"><strong>\u2022 <a href=\"https:\/\/annakingsford.com\/portugues\/obras-de-anna-kingsford-e-e-maitland\/\" target=\"_blank\" rel=\"noopener\">Obras de Anna Kingsford (e E. Maitland)<\/a><\/strong><\/div>\n<div style=\"padding-bottom: 5px;\"><strong>\u2022 <a href=\"https:\/\/annakingsford.com\/portugues\/citacoes-e-textos-selecionados\/\" target=\"_blank\" rel=\"noopener\">Cita\u00e7\u00f5es e Textos Selecionados, Gloss\u00e1rio e S\u00ednteses<\/a><\/strong><\/div>\n<div style=\"padding-bottom: 5px;\"><strong>\u2022 <a href=\"https:\/\/annakingsford.com\/portugues\/informacoes-biograficas-e-biografias\/\" target=\"_blank\" rel=\"noopener\">Informa\u00e7\u00f5es Biogr\u00e1ficas e Biografias<\/a><\/strong><\/div>\n<div style=\"padding-bottom: 5px;\"><strong>\u2022 <a href=\"https:\/\/annakingsford.com\/portugues\/outras-obras-e-informacoes-relacionadas\/\" target=\"_blank\" rel=\"noopener\">Outras Obras e Informa\u00e7\u00f5es Relacionadas<\/a><\/strong><\/div>\n<div style=\"padding-bottom: 5px;\"><strong>\u2022 <a href=\"https:\/\/annakingsford.com\/portugues\/biblias-abertas\/\" target=\"_blank\" rel=\"noopener\">B\u00edblias Abertas<\/a><\/strong><\/div>\n<div style=\"padding-bottom: 5px;\"><strong>\u2022 <a href=\"https:\/\/annakingsford.com\/portugues\/galeria-de-imagens\/\" target=\"_blank\" rel=\"noopener\">Galeria de Imagens<\/a><br \/>\n\u2022 <a href=\"https:\/\/www.rodaecruz.com\/atividades-e-encontros\/\" target=\"_blank\" rel=\"noopener\">Atividades e Encontros<\/a><\/strong><\/div>\n<div style=\"padding-bottom: 5px;\"><strong>\u2022 <a href=\"https:\/\/www.rodaecruz.com\/downloads-gratuitos\/\" target=\"_blank\" rel=\"noopener\">Downloads Gratuitos e Obras Online<\/a><\/strong><\/div>\n<div style=\"padding-bottom: 5px;\"><strong>\u2022 <a href=\"https:\/\/www.rodaecruz.com\/colecao-roda-e-cruz\/\" target=\"_blank\" rel=\"noopener\">Cole\u00e7\u00e3o Roda e Cruz<\/a><\/strong><\/div>\n<div style=\"padding-bottom: 5px;\"><strong>\u2022 <a href=\"https:\/\/www.rodaecruz.com\/fazenda-sao-columbano-roda-e-cruz\/\" target=\"_blank\" rel=\"noopener\">Fazenda \u201cS\u00e3o Columbano Roda e Cruz\u201d<\/a><\/strong><\/div>\n<div style=\"padding-bottom: 5px;\"><strong>\u2022 <\/strong><a href=\"https:\/\/www.rodaecruz.com\/sites-e-paginas-associados\/\" target=\"_blank\" rel=\"noopener\"><strong>Sites e P\u00e1ginas Relacionados<\/strong><\/a><\/div>\n<div>\n<hr \/>\n<\/div>\n<div style=\"text-align: left; text-indent: 36.0pt;\"><b><span style=\"color: #ff0000; font-family: Arial;\"><em>F\u00e9 Sem Compreens\u00e3o \u00c9 Credulidade<\/em><\/span><\/b><\/div>\n<div style=\"text-align: justify; text-indent: 36.0pt;\"><b><span style=\"font-family: Arial;\">\u201c\u00c9 verdade que \u00e9 \u2018a f\u00e9 que salva\u2019, mas a f\u00e9 que n\u00e3o tem a compreens\u00e3o n\u00e3o \u00e9 f\u00e9, mas sim credulidade\u201d. <\/span><\/b><span style=\"font-family: Arial;\">(<em><a href=\"https:\/\/annakingsford.com\/portugues\/obras_de_anna_kingsford\/textos\/012-OAKM-P-MaitStory-web.htm\" target=\"_blank\" rel=\"noopener\">The Story of Anna Kingsford and Edward Maitland and of the New Gospel of Interpretation<\/a>, <\/em>p. xv)<\/span><\/div>\n<div style=\"height: 30px; width: 30px;\"><\/div>\n<div style=\"text-align: left; text-indent: 36.0pt;\"><b><span style=\"color: #ff0000; font-family: Arial;\"><i>Duas Coisas da Religi\u00e3o Crist\u00e3<\/i><\/span><\/b><\/div>\n<div style=\"text-align: justify; text-indent: 36.0pt;\"><b><span style=\"font-family: Arial;\">\u201cNo presente momento h\u00e1 duas coisas da religi\u00e3o crist\u00e3 que devem ser \u00f3bvias para todas as pessoas de discernimento; a primeira, que os homens n\u00e3o podem viver sem ela; e a segunda, que eles n\u00e3o podem viver com ela assim como ela est\u00e1\u201d. <\/span><\/b><span style=\"font-family: Arial;\">(<a href=\"https:\/\/annakingsford.com\/portugues\/obras_de_anna_kingsford\/textos\/02-OAKM-P-Pway\/02-OAKM-P-Pway-txt.htm\" target=\"_blank\" rel=\"noopener\"><em>The Perfect Way<\/em><\/a>, p. 6)<\/span><\/div>\n<div style=\"height: 30px; width: 30px;\"><\/div>\n<div style=\"text-align: left; text-indent: 36.0pt;\"><b><span style=\"color: #ff0000; font-family: Arial;\"><i>A Interpreta\u00e7\u00e3o de Suas B\u00edblias<\/i><\/span><\/b><\/div>\n<div style=\"text-align: justify; text-indent: 36.0pt;\"><b><span style=\"font-family: Arial;\">\u201cAquilo\u00a0que voc\u00eas precisam na Terra \u00e9 a interpreta\u00e7\u00e3o de suas B\u00edblias, e de todas as Escrituras que cont\u00e9m a sabedoria oculta, o mist\u00e9rio de que S\u00e3o Paulo t\u00e3o frequentemente mencionava como existindo desde os prim\u00f3rdios do mundo\u201d. <\/span><\/b><span style=\"font-family: Arial;\">(<a href=\"https:\/\/annakingsford.com\/portugues\/obras_de_anna_kingsford\/textos\/OAKM-P-Message-web.htm\" target=\"_blank\" rel=\"noopener\"><em>Uma Mensagem \u00e0 Terra<\/em><\/a>, p. 69)<\/span><\/div>\n<div style=\"height: 30px; width: 30px;\"><\/div>\n<div style=\"text-align: left; text-indent: 36.0pt;\"><b><span style=\"color: #ff0000; font-family: Arial;\"><i><em><strong>Erguido V\u00e9u do Simbolismo Todas as Igrejas S\u00e3o Similares, Doutrinas B\u00e1sicas S\u00e3o Id\u00eanticas<br \/>\n<\/strong><\/em><\/i><\/span><\/b><\/div>\n<div style=\"text-align: justify; text-indent: 36.0pt;\"><strong>\u201cUma vez erguido o v\u00e9u do simbolismo da face divina da Verdade, todas as Igrejas s\u00e3o similares, e a doutrina b\u00e1sica de todas \u00e9 id\u00eantica (\u2026). Grega, Herm\u00e9tica, Budista, Vedantina, Crist\u00e3 \u2013 todas essas Lojas dos Mist\u00e9rios s\u00e3o essencialmente unas e s\u00e3o id\u00eanticas em doutrina. (\u2026)<\/strong><\/div>\n<div style=\"text-align: justify; text-indent: 36.0pt;\"><strong>N\u00f3s sustentamos que nenhum credo eclesi\u00e1stico isolado \u00e9 compreens\u00edvel somente por si mesmo, se n\u00e3o for interpretado com o aux\u00edlio de seus antecessores e de seus contempor\u00e2neos.<\/strong><\/div>\n<div style=\"text-align: justify; text-indent: 36.0pt;\"><strong>Por exemplo, estudantes de teologia crist\u00e3 somente aprender\u00e3o a entender e a apreciar o verdadeiro valor e significado dos s\u00edmbolos que lhes s\u00e3o familiares por meio do estudo da filosofia Oriental e do idealismo pag\u00e3o. Pois o Cristianismo \u00e9 o herdeiro dessa filosofia e desse idealismo, e o que h\u00e1 de melhor em seu sangue vem das veias dessa filosofia e desse idealismo.<\/strong><\/div>\n<div style=\"text-align: justify; text-indent: 36.0pt;\">\n<p><strong>E visto que todos os seus grandes antecessores ocultaram por tr\u00e1s de suas f\u00f3rmulas e ritos externos \u2013 os quais s\u00e3o meras cascas e coberturas para entreter os pobres de entendimento \u2013 as verdades internas ou ocultas reservadas ao iniciado, assim tamb\u00e9m o Cristianismo reserva aos buscadores s\u00e9rios e aos pensadores mais profundos os Mist\u00e9rios internos verdadeiros, que s\u00e3o unos e eternos em todos os credos e igrejas desde o princ\u00edpio do mundo.\u201d <\/strong>[<em><strong><a href=\"https:\/\/annakingsford.com\/portugues\/obras_de_anna_kingsford\/textos\/02-OAKM-P-Pway\/02-OAKM-P-Pway-txt.htm\" target=\"_blank\" rel=\"noopener\">The Perfect Way<\/a> <\/strong><\/em>(<em>O Caminho Perfeito<\/em>), p. 12]<\/p>\n<div style=\"text-align: left; text-indent: 36.0pt;\"><b><i><span style=\"color: #ff0000; font-family: Arial;\">Cristianismo e Budismo<\/span><\/i><\/b><span style=\"color: #ff0000; font-family: Arial;\"><b><i>\u00a0S\u00e3o Partes de um Todo Cont\u00ednuo e Harmonioso<\/i><\/b><\/span><b><\/b><\/div>\n<div style=\"text-align: justify; text-indent: 36.0pt;\"><span style=\"font-family: Arial;\"><b>\u201cO Cristianismo, ent\u00e3o, foi introduzido no mundo com uma rela\u00e7\u00e3o especial com as grandes religi\u00f5es do Oriente, e sob a mesma reg\u00eancia divina. E muito longe de ser concebido como um rival e suplantador do Budismo, ele era a direta e necess\u00e1ria continua\u00e7\u00e3o desse sistema. Os dois s\u00e3o apenas partes de um todo cont\u00ednuo e harmonioso, no qual a parte que veio por \u00faltimo \u00e9 somente o indispens\u00e1vel acr\u00e9scimo e complemento da parte que veio anteriormente\u201d<\/b><\/span><span style=\"font-family: Arial;\"><b><span style=\"color: #000000;\">.\u00a0<\/span><\/b><\/span><span style=\"font-family: Arial;\">(<a href=\"https:\/\/annakingsford.com\/portugues\/obras_de_anna_kingsford\/textos\/02-OAKM-P-Pway\/02-OAKM-P-Pway-txt.htm\" target=\"_blank\" rel=\"noopener\"><i>The Perfect Way<\/i><\/a>, pp. 250-251)<\/span><\/div>\n<div style=\"height: 30px; width: 30px;\"><\/div>\n<div style=\"text-align: left; text-indent: 36.0pt;\"><b><i><span style=\"color: #ff0000; font-family: Arial;\">Da Uni\u00e3o do Buda e do Cristo Nascer\u00e1 a Esperada Reden\u00e7\u00e3o do Mundo<\/span><\/i><\/b><\/div>\n<div style=\"text-align: justify; text-indent: 36.0pt;\"><span style=\"font-family: Arial;\"><b>\u201cDa uni\u00e3o espiritual na f\u00e9 una do Buda e do Cristo nascer\u00e1 a esperada reden\u00e7\u00e3o do mundo\u201d.<\/b> (<a href=\"https:\/\/annakingsford.com\/portugues\/obras_de_anna_kingsford\/textos\/02-OAKM-P-Pway\/02-OAKM-P-Pway-txt.htm\" target=\"_blank\" rel=\"noopener\"><i>The Perfect Way<\/i><\/a>, p. 252)<\/span><\/div>\n<div style=\"height: 30px; width: 30px;\"><\/div>\n<div style=\"text-align: left; text-indent: 36.0pt;\"><b><i><span style=\"color: #ff0000; font-family: Arial;\">Algum Dia, Talvez Muito Remoto, se Tornar\u00e1 a Religi\u00e3o de Grandes Na\u00e7\u00f5es<br \/>\n<\/span><\/i><\/b><\/div>\n<div style=\"text-align: justify; text-indent: 36.0pt;\"><span style=\"font-family: Arial;\"><strong><em>\u201cSei que em algum dia ainda distante, agora, de fato, talvez muito remoto, a mensagem que n\u00f3s pregamos em um canto se tornar\u00e1 a religi\u00e3o de grandes na\u00e7\u00f5es.\u201d<\/em><\/strong> <em>[<a href=\"https:\/\/annakingsford.com\/portugues\/obras_de_anna_kingsford\/textos\/07-OAKM-P-Addr-web.htm\" target=\"_blank\" rel=\"noopener\">Addresses and Essays on Vegetarianism<\/a> (Palestras e Ensaios sobre o Vegetarianismo), p. 1]<\/em><\/span><\/div>\n<div><\/div>\n<div>\n<hr \/>\n<\/div>\n<div align=\"center\">\n<p><a href=\"https:\/\/annakingsford.com\/portugues\/auxilie-o-desenvolvimento-deste-site\/\" target=\"_blank\" rel=\"noopener\">Auxilie este Site<\/a>\u00a0 |\u00a0 <a href=\"https:\/\/annakingsford.com\/portugues\/contatos\/\" target=\"_blank\" rel=\"noopener\"> Contato<\/a>\u00a0 |\u00a0 <a href=\"https:\/\/annakingsford.com\/portugues\/quem-somos\/\" target=\"_blank\" rel=\"noopener\">Quem Somos?<\/a>\u00a0 |\u00a0 <a href=\"https:\/\/annakingsford.com\/portugues\/encontrou-algum-erro-no-site\/\" target=\"_blank\" rel=\"noopener\">Encontrou Algum Erro no Site?<\/a><\/p>\n<\/div>\n<\/div>\n","protected":false},"excerpt":{"rendered":"<p>\u00a0\u00a0\u00a0\u00a0\u00a0\u00a0\u00a0\u00a0\u00a0\u00a0\u00a0 \u00a0 \u00a0 \u00a0 \u00a0 \u00a0 Se\u00e7\u00f5es do Site: \u2022 Buscas no Site: Informa\u00e7\u00f5es e Mecanismos \u2022 Obras e Textos&hellip;<\/p>\n","protected":false},"author":1,"featured_media":0,"parent":0,"menu_order":0,"comment_status":"closed","ping_status":"closed","template":"","meta":{"_seopress_robots_primary_cat":"","_seopress_titles_title":"","_seopress_titles_desc":"","_seopress_robots_index":"","_editorskit_title_hidden":false,"_editorskit_reading_time":0,"_editorskit_is_block_options_detached":false,"_editorskit_block_options_position":"{}","footnotes":""},"class_list":["post-16","page","type-page","status-publish","hentry"],"_links":{"self":[{"href":"https:\/\/annakingsford.com\/portugues\/wp-json\/wp\/v2\/pages\/16","targetHints":{"allow":["GET"]}}],"collection":[{"href":"https:\/\/annakingsford.com\/portugues\/wp-json\/wp\/v2\/pages"}],"about":[{"href":"https:\/\/annakingsford.com\/portugues\/wp-json\/wp\/v2\/types\/page"}],"author":[{"embeddable":true,"href":"https:\/\/annakingsford.com\/portugues\/wp-json\/wp\/v2\/users\/1"}],"replies":[{"embeddable":true,"href":"https:\/\/annakingsford.com\/portugues\/wp-json\/wp\/v2\/comments?post=16"}],"version-history":[{"count":27,"href":"https:\/\/annakingsford.com\/portugues\/wp-json\/wp\/v2\/pages\/16\/revisions"}],"predecessor-version":[{"id":308,"href":"https:\/\/annakingsford.com\/portugues\/wp-json\/wp\/v2\/pages\/16\/revisions\/308"}],"wp:attachment":[{"href":"https:\/\/annakingsford.com\/portugues\/wp-json\/wp\/v2\/media?parent=16"}],"curies":[{"name":"wp","href":"https:\/\/api.w.org\/{rel}","templated":true}]}}