{"id":153,"date":"2023-06-15T20:53:29","date_gmt":"2023-06-15T20:53:29","guid":{"rendered":"https:\/\/annakingsford.com\/portugues\/?page_id=153"},"modified":"2023-06-15T20:53:29","modified_gmt":"2023-06-15T20:53:29","slug":"downloads-gratuitos-e-obras-online","status":"publish","type":"page","link":"https:\/\/annakingsford.com\/portugues\/downloads-gratuitos-e-obras-online\/","title":{"rendered":"Downloads Gratuitos e Obras Online"},"content":{"rendered":"<p style=\"text-align: justify; text-indent: 36.0pt;\" align=\"justify\"><span style=\"color: #003366;\"><em><strong>\u25ba<\/strong><\/em><\/span> <span style=\"text-decoration: underline;\"><a href=\"https:\/\/www.rodaecruz.com\/downloads-gratuitos\/\" target=\"_blank\" rel=\"noopener\"><i><b>Downloads Gratuitos e Obras Online<\/b><\/i><\/a><\/span><\/p>\n<p style=\"text-align: justify; text-indent: 36.0pt;\" align=\"justify\">Al\u00e9m das obras destacadas no link acima, vide muitas outras obras e textos online gratuitos nas seguintes sess\u00f5es do site:<\/p>\n<p style=\"text-align: justify; text-indent: 36.0pt;\" align=\"justify\"><em><strong>\u25ba<\/strong><\/em> <span style=\"text-decoration: underline;\"><strong><a href=\"https:\/\/annakingsford.com\/portugues\/obras-e-textos-em-portugues\/\" target=\"_blank\" rel=\"noopener\">Obras e Textos em Portugu\u00eas<\/a><\/strong><\/span><\/p>\n<p style=\"text-align: justify; text-indent: 36.0pt;\" align=\"justify\"><strong><em>\u25ba<\/em> <span style=\"text-decoration: underline;\"><a href=\"https:\/\/annakingsford.com\/portugues\/obras-de-anna-kingsford-e-e-maitland\/\" target=\"_blank\" rel=\"noopener\">Obras de Anna Kingsford (e E. Maitland)<\/a><\/span><\/strong><\/p>\n<p style=\"text-align: justify; text-indent: 36.0pt;\" align=\"justify\"><strong><em>\u25ba<\/em> <a href=\"https:\/\/annakingsford.com\/portugues\/informacoes-biograficas-e-biografias\/\" target=\"_blank\" rel=\"noopener\"><span style=\"text-decoration: underline;\">Informa\u00e7\u00f5es Biogr\u00e1ficas e Biografias<\/span><\/a><\/strong><\/p>\n<p style=\"text-align: justify; text-indent: 36.0pt;\" align=\"justify\"><strong><em>\u25ba<\/em> <a href=\"https:\/\/annakingsford.com\/portugues\/outras-obras-e-informacoes-relacionadas\/\" target=\"_blank\" rel=\"noopener\"><span style=\"text-decoration: underline;\">Outras Obras e Informa\u00e7\u00f5es Relacionadas<\/span><\/a><\/strong><\/p>\n<p style=\"text-align: justify; text-indent: 36.0pt;\" align=\"justify\"><strong><em>\u25ba<\/em> <a href=\"https:\/\/annakingsford.com\/portugues\/biblias-abertas\/\" target=\"_blank\" rel=\"noopener\"><span style=\"text-decoration: underline;\">B\u00edblias Abertas<\/span><\/a><\/strong><i><b><\/b><\/i><\/p>\n","protected":false},"excerpt":{"rendered":"<p>\u25ba Downloads Gratuitos e Obras Online Al\u00e9m das obras destacadas no link acima, vide muitas outras obras e textos online&hellip;<\/p>\n","protected":false},"author":1,"featured_media":0,"parent":0,"menu_order":0,"comment_status":"closed","ping_status":"closed","template":"","meta":{"_seopress_robots_primary_cat":"","_seopress_titles_title":"","_seopress_titles_desc":"","_seopress_robots_index":"","_editorskit_title_hidden":false,"_editorskit_reading_time":0,"_editorskit_is_block_options_detached":false,"_editorskit_block_options_position":"{}","footnotes":""},"class_list":["post-153","page","type-page","status-publish","hentry"],"_links":{"self":[{"href":"https:\/\/annakingsford.com\/portugues\/wp-json\/wp\/v2\/pages\/153","targetHints":{"allow":["GET"]}}],"collection":[{"href":"https:\/\/annakingsford.com\/portugues\/wp-json\/wp\/v2\/pages"}],"about":[{"href":"https:\/\/annakingsford.com\/portugues\/wp-json\/wp\/v2\/types\/page"}],"author":[{"embeddable":true,"href":"https:\/\/annakingsford.com\/portugues\/wp-json\/wp\/v2\/users\/1"}],"replies":[{"embeddable":true,"href":"https:\/\/annakingsford.com\/portugues\/wp-json\/wp\/v2\/comments?post=153"}],"version-history":[{"count":1,"href":"https:\/\/annakingsford.com\/portugues\/wp-json\/wp\/v2\/pages\/153\/revisions"}],"predecessor-version":[{"id":156,"href":"https:\/\/annakingsford.com\/portugues\/wp-json\/wp\/v2\/pages\/153\/revisions\/156"}],"wp:attachment":[{"href":"https:\/\/annakingsford.com\/portugues\/wp-json\/wp\/v2\/media?parent=153"}],"curies":[{"name":"wp","href":"https:\/\/api.w.org\/{rel}","templated":true}]}}