{"id":138,"date":"2023-06-15T19:17:16","date_gmt":"2023-06-15T19:17:16","guid":{"rendered":"https:\/\/annakingsford.com\/portugues\/?page_id=138"},"modified":"2023-06-21T18:30:27","modified_gmt":"2023-06-21T18:30:27","slug":"autores","status":"publish","type":"page","link":"https:\/\/annakingsford.com\/portugues\/autores\/","title":{"rendered":"Autores das Obras no Site"},"content":{"rendered":"<div>\n<div>\n<ul>\n<li><a href=\"https:\/\/annakingsford.com\/portugues\/?s=Adepto\" target=\"_blank\" rel=\"noopener\">Adepto<\/a>\u00a0(um dos Mahatmas)<\/li>\n<li><a href=\"https:\/\/annakingsford.com\/portugues\/?s=Agostinho\" target=\"_blank\" rel=\"noopener\">Agostinho<\/a> (Santo)<\/li>\n<li><a href=\"https:\/\/annakingsford.com\/portugues\/?s=Apter\" target=\"_blank\" rel=\"noopener\">Apter, David E.<\/a><\/li>\n<li><a href=\"https:\/\/annakingsford.com\/portugues\/?s=Arnold\" target=\"_blank\" rel=\"noopener\">Arnold, Matthew<\/a><\/li>\n<li><a href=\"https:\/\/annakingsford.com\/portugues\/?s=Bacon+Francis\" target=\"_blank\" rel=\"noopener\">Bacon, Francis<\/a><\/li>\n<li><a href=\"https:\/\/annakingsford.com\/portugues\/?s=Barker\" target=\"_blank\" rel=\"noopener\">Barker, A.T.<\/a><\/li>\n<li><a href=\"https:\/\/annakingsford.com\/portugues\/?s=Besant\" target=\"_blank\" rel=\"noopener\">Besant, Annie<\/a><\/li>\n<li><a href=\"https:\/\/annakingsford.com\/portugues\/?s=Blavatsky\" target=\"_blank\" rel=\"noopener\">Blavatsky, Helena P.<\/a><\/li>\n<li><a href=\"https:\/\/annakingsford.com\/portugues\/?s=Buck\" target=\"_blank\" rel=\"noopener\">Buck, J.D.<\/a><\/li>\n<li><a href=\"https:\/\/annakingsford.com\/portugues\/?s=Buda\" target=\"_blank\" rel=\"noopener\">Buda, Gautama<\/a><\/li>\n<li><a href=\"https:\/\/annakingsford.com\/portugues\/?s=Burgess\" target=\"_blank\" rel=\"noopener\">Burgess, Jennifer<\/a><\/li>\n<li><a href=\"https:\/\/annakingsford.com\/portugues\/?s=Carpenter\" target=\"_blank\" rel=\"noopener\">Carpenter, Edward<\/a><\/li>\n<li><a href=\"https:\/\/annakingsford.com\/portugues\/?s=Carton\" target=\"_blank\" rel=\"noopener\">Carton, Paul<\/a><\/li>\n<li><a href=\"https:\/\/annakingsford.com\/portugues\/?s=Churchill\" target=\"_blank\" rel=\"noopener\">Churchill, Winston<\/a><\/li>\n<li><a href=\"https:\/\/annakingsford.com\/portugues\/?s=Coats\" target=\"_blank\" rel=\"noopener\" aria-label=\"Coats, John B.S. (abre numa nova aba)\">Coats, John B.S.<\/a><\/li>\n<li><a href=\"https:\/\/annakingsford.com\/portugues\/?s=S\u00e3o+Columbano\" target=\"_blank\" rel=\"noopener\">Columbano<\/a> (Santo fundador de tr\u00eas grandes mosteiros, do Cristianismo C\u00e9ltico, que se tornaram os tr\u00eas principais centros culturais da Europa)<\/li>\n<li><a href=\"https:\/\/annakingsford.com\/portugues\/?s=Colville\" target=\"_blank\" rel=\"noopener\"><span lang=\"EN-US\">Colville, W. J.<\/span><\/a><\/li>\n<li><a href=\"https:\/\/annakingsford.com\/portugues\/?s=Confucio\" target=\"_blank\" rel=\"noopener\">Conf\u00facio<\/a><\/li>\n<li><a href=\"https:\/\/annakingsford.com\/portugues\/?s=Converse\" target=\"_blank\" rel=\"noopener\">Converse, Philip E.<\/a><\/li>\n<li><a href=\"https:\/\/annakingsford.com\/portugues\/?s=Da+Vinci\" target=\"_blank\" rel=\"noopener\">Da Vinci, Leonardo<\/a><\/li>\n<li><a href=\"https:\/\/annakingsford.com\/portugues\/?s=Dom+Bosco\" target=\"_blank\" rel=\"noopener\">Dom Bosco<\/a> (Santo Giovanni Bosco)<\/li>\n<li><a href=\"https:\/\/annakingsford.com\/portugues\/?s=Duverger\" target=\"_blank\" rel=\"noopener\">Duverger, Maurice<\/a><\/li>\n<li><a href=\"https:\/\/annakingsford.com\/portugues\/?s=Einstein\" target=\"_blank\" rel=\"noopener\">Einstein, Albert<\/a><\/li>\n<li><a href=\"https:\/\/annakingsford.com\/portugues\/?s=Elias\" target=\"_blank\" rel=\"noopener\">Elias<\/a> (do Velho Testamento)<\/li>\n<li><a href=\"https:\/\/annakingsford.com\/portugues\/?s=Emerson\" target=\"_blank\" rel=\"noopener\">Emerson, Ralph Waldo<\/a><\/li>\n<li><a href=\"https:\/\/annakingsford.com\/portugues\/?s=Ferrier\" target=\"_blank\" rel=\"noopener\">Ferrier, John Todd.<\/a><\/li>\n<li><a href=\"https:\/\/annakingsford.com\/portugues\/?s=Forsyth\" target=\"_blank\" rel=\"noopener\">Forsyth, E.M.<\/a><\/li>\n<li><a href=\"https:\/\/annakingsford.com\/portugues\/?s=Gibran\" target=\"_blank\" rel=\"noopener\">Gibran, Khalil<\/a><\/li>\n<li><a href=\"https:\/\/annakingsford.com\/portugues\/?s=Hart\" target=\"_blank\" rel=\"noopener\">Hart, Samuel H.<\/a><\/li>\n<li><a href=\"https:\/\/annakingsford.com\/portugues\/?s=Haughton\" target=\"_blank\" rel=\"noopener\">Haughton, Brian<\/a><\/li>\n<li><a href=\"https:\/\/annakingsford.com\/portugues\/?s=Hermes\" target=\"_blank\" rel=\"noopener\">Hermes, Trimegistro<\/a><\/li>\n<li><a href=\"https:\/\/annakingsford.com\/portugues\/?s=Jesus\" target=\"_blank\" rel=\"noopener\">Jesus<\/a> (o Cristo, do Novo Testamento)<\/li>\n<li><a href=\"https:\/\/annakingsford.com\/portugues\/?s=Jinarajadasa\" target=\"_blank\" rel=\"noopener\">Jinarajadasa<\/a>, C.<\/li>\n<li><a href=\"https:\/\/annakingsford.com\/portugues\/?s=J\u00f3\" target=\"_blank\" rel=\"noopener\">J\u00f3<\/a> (do Velho Testamento)<\/li>\n<li><a href=\"https:\/\/annakingsford.com\/portugues\/?s=Jo\u00e3o\" target=\"_blank\" rel=\"noopener\">Jo\u00e3o<\/a> (Evangelista)<\/li>\n<li><a href=\"https:\/\/annakingsford.com\/portugues\/?s=johnston\" target=\"_blank\" rel=\"noopener\">Johnston, William<\/a><\/li>\n<li><a href=\"https:\/\/annakingsford.com\/portugues\/?s=Josu\u00e9\" target=\"_blank\" rel=\"noopener\">Josu\u00e9<\/a> (do Velho Testamento)<\/li>\n<li class=\"cat-item cat-item-4\"><a href=\"https:\/\/annakingsford.com\/portugues\/?s=K.H.\" target=\"_blank\" rel=\"noopener\">K.H.<\/a>\u00a0(Koot Humi, um dos Mahatmas)<\/li>\n<li><a href=\"https:\/\/annakingsford.com\/portugues\/?s=Kharishnanda\" target=\"_blank\" rel=\"noopener\">Kharishnanda, Yogi<\/a><\/li>\n<li><a href=\"https:\/\/annakingsford.com\/portugues\/?s=kingsford\" target=\"_blank\" rel=\"noopener\">Kingsford, Anna B.<\/a><\/li>\n<li><a href=\"https:\/\/annakingsford.com\/portugues\/?s=krishnamurti\" target=\"_blank\" rel=\"noopener\">Krishnamurti, J.<\/a><\/li>\n<li><a href=\"https:\/\/annakingsford.com\/portugues\/?s=Lao+Tze\" target=\"_blank\" rel=\"noopener\">Lao Tze<\/a><\/li>\n<li><a href=\"https:\/\/annakingsford.com\/portugues\/?s=Lucas\" target=\"_blank\" rel=\"noopener\">Lucas<\/a> (Evangelista)<\/li>\n<li><a href=\"https:\/\/annakingsford.com\/portugues\/?s=macpherson\" target=\"_blank\" rel=\"noopener\">Macpherson, C.B.<\/a><\/li>\n<li><a href=\"https:\/\/annakingsford.com\/portugues\/?s=Mahachohan\" target=\"_blank\" rel=\"noopener\">Mahachohan<\/a>\u00a0(um Grande Chefe dos Mahatmas)<\/li>\n<li><a href=\"https:\/\/annakingsford.com\/portugues\/?s=maitland\" target=\"_blank\" rel=\"noopener\">Maitland, Edward<\/a><\/li>\n<li><a href=\"https:\/\/annakingsford.com\/portugues\/?s=Marcos\" target=\"_blank\" rel=\"noopener\">Marcos<\/a> (Evangelista)<\/li>\n<li><a href=\"https:\/\/annakingsford.com\/portugues\/?s=Maria\" target=\"_blank\" rel=\"noopener\">Maria<\/a> (Virgem Maria, M\u00e3e de Jesus)<\/li>\n<li><a href=\"https:\/\/annakingsford.com\/portugues\/?s=Marx\" target=\"_blank\" rel=\"noopener\">Marx, Karl<\/a><\/li>\n<li><a href=\"https:\/\/annakingsford.com\/portugues\/?s=Mateus\" target=\"_blank\" rel=\"noopener\">Mateus<\/a> (Evangelista)<\/li>\n<li><a href=\"https:\/\/annakingsford.com\/portugues\/?s=Mathers\" target=\"_blank\" rel=\"noopener\">Mathers, Samuel L. MacGregor<\/a><\/li>\n<li><a href=\"https:\/\/annakingsford.com\/portugues\/?s=McAllister\" target=\"_blank\" rel=\"noopener\">McAllister, Brian G.<\/a><\/li>\n<li><a href=\"https:\/\/annakingsford.com\/portugues\/?s=McCrie\" target=\"_blank\" rel=\"noopener\">McCrie, Bertram<\/a><\/li>\n<li><a href=\"https:\/\/annakingsford.com\/portugues\/?s=Mead\" target=\"_blank\" rel=\"noopener\">Mead, G. R. S.<\/a><\/li>\n<li><a href=\"https:\/\/annakingsford.com\/portugues\/?s=Miguel\" target=\"_blank\" rel=\"noopener\">Miguel<\/a> (Pr\u00edncipe, do Velho Testamento)<\/li>\n<li><a href=\"https:\/\/annakingsford.com\/portugues\/?s=Mois\u00e9s\" target=\"_blank\" rel=\"noopener\">Mois\u00e9s<\/a> (do Velho Testamento)<\/li>\n<li><a href=\"https:\/\/annakingsford.com\/portugues\/?s=Thomas+More\" target=\"_blank\" rel=\"noopener\">More, Thomas<\/a><\/li>\n<li><a href=\"https:\/\/annakingsford.com\/portugues\/?s=Narain\" target=\"_blank\" rel=\"noopener\">Narain, Jai Prakash<\/a><\/li>\n<li><a href=\"https:\/\/annakingsford.com\/portugues\/?s=Nash\" target=\"_blank\" rel=\"noopener\">Nash, John F.<\/a><\/li>\n<li><a href=\"https:\/\/annakingsford.com\/portugues\/?s=Ouseley\" target=\"_blank\" rel=\"noopener\">Ouseley, Gideon Jasper Richard<\/a><\/li>\n<li><a href=\"https:\/\/annakingsford.com\/portugues\/?s=S\u00e3o+Patr\u00edcio\" target=\"_blank\" rel=\"noopener\">Patr\u00edcio<\/a> (Santo fundador do Cristianismo C\u00e9ltico e de muitos mosteiros)<\/li>\n<li><a href=\"https:\/\/annakingsford.com\/portugues\/?s=Paulo\" target=\"_blank\" rel=\"noopener\">Paulo<\/a> (Ap\u00f3stolo)<\/li>\n<li><a href=\"https:\/\/annakingsford.com\/portugues\/?s=Paradoxos\" target=\"_blank\" rel=\"noopener\">Paradoxos, Alpha<\/a><\/li>\n<li><a href=\"https:\/\/annakingsford.com\/portugues\/?s=Pereira\" target=\"_blank\" rel=\"noopener\">Pereira, Viviane<\/a><\/li>\n<li><a href=\"https:\/\/annakingsford.com\/portugues\/?s=Pert\" target=\"_blank\" rel=\"noopener\">Pert, Alan<\/a><\/li>\n<li><a href=\"https:\/\/annakingsford.com\/portugues\/?s=Pit\u00e1goras\" target=\"_blank\" rel=\"noopener\">Pit\u00e1goras<\/a><\/li>\n<li><a href=\"https:\/\/annakingsford.com\/portugues\/?s=Plat\u00e3o\" target=\"_blank\" rel=\"noopener\">Plat\u00e3o<\/a><\/li>\n<li><a href=\"https:\/\/annakingsford.com\/portugues\/?s=Plotino\" target=\"_blank\" rel=\"noopener\">Plotino<\/a><\/li>\n<li><a href=\"https:\/\/annakingsford.com\/portugues\/?s=Plutarco\" target=\"_blank\" rel=\"noopener\">Plutarco<\/a><\/li>\n<li><a href=\"https:\/\/annakingsford.com\/portugues\/?s=Polyphilus\" target=\"_blank\" rel=\"noopener\">Polyphilus, T.<\/a><\/li>\n<li><a href=\"https:\/\/annakingsford.com\/portugues\/?s=Salt\" target=\"_blank\" rel=\"noopener\">Salt, H. S.<\/a><\/li>\n<li><a href=\"https:\/\/annakingsford.com\/portugues\/?s=Schlickeysen\" target=\"_blank\" rel=\"noopener\">Schlickeysen, Gustav<\/a><\/li>\n<li><a href=\"https:\/\/annakingsford.com\/portugues\/?s=Schumacher\" target=\"_blank\" rel=\"noopener\">Schumacher, Ernst F.<\/a><\/li>\n<li><a href=\"https:\/\/annakingsford.com\/portugues\/?s=Shaw\" target=\"_blank\" rel=\"noopener\">Shaw, George Bernard<\/a><\/li>\n<li><a href=\"https:\/\/annakingsford.com\/portugues\/?s=Shirley\" target=\"_blank\" rel=\"noopener\">Shirley, Ralph<\/a><\/li>\n<li><a href=\"https:\/\/annakingsford.com\/portugues\/?s=Sinnett\" target=\"_blank\" rel=\"noopener\">Sinnett, A.P.<\/a><\/li>\n<li><a href=\"https:\/\/annakingsford.com\/portugues\/?s=Sisson\" target=\"_blank\" rel=\"noopener\">Sisson Filho, Arnaldo<\/a><\/li>\n<li><a href=\"https:\/\/annakingsford.com\/portugues\/?s=Marina+Sisson\" target=\"_blank\" rel=\"noopener\">Sisson, Marina Cesar<\/a><\/li>\n<li><a href=\"https:\/\/annakingsford.com\/portugues\/?s=S\u00d3FOCLES\" target=\"_blank\" rel=\"noopener\">S\u00f3focles<\/a><\/li>\n<li><a href=\"https:\/\/annakingsford.com\/portugues\/?s=Sri+Ram\" target=\"_blank\" rel=\"noopener\">Sri Ram, N.<\/a><\/li>\n<li><a href=\"https:\/\/annakingsford.com\/portugues\/?s=Taimni\" target=\"_blank\" rel=\"noopener\">Taimni, Iqbal K.<\/a><\/li>\n<li><a href=\"https:\/\/annakingsford.com\/portugues\/?s=Thomas\" target=\"_blank\" rel=\"noopener\"><span lang=\"EN-GB\">Thomas, Kate <\/span><\/a><\/li>\n<li><a href=\"https:\/\/annakingsford.com\/portugues\/?s=Tolstoi\" target=\"_blank\" rel=\"noopener\">Tolstoi, Leon<\/a><\/li>\n<li><a href=\"https:\/\/annakingsford.com\/portugues\/?s=Tom\u00e9\" target=\"_blank\" rel=\"noopener\">Tom\u00e9<\/a> (Um dos doze ap\u00f3stolos, chamado de o Ap\u00f3stolo do Oriente, autor de um Evangelho considerado ap\u00f3crifo)<\/li>\n<li><a href=\"https:\/\/annakingsford.com\/portugues\/?s=Toynbee\" target=\"_blank\" rel=\"noreferrer noopener\" aria-label=\" (abre numa nova aba)\">Toynbee, Arnold<\/a><\/li>\n<li><a href=\"https:\/\/annakingsford.com\/portugues\/?s=Weber\" target=\"_blank\" rel=\"noopener\">Weber, Max<\/a><\/li>\n<li><a href=\"https:\/\/annakingsford.com\/portugues\/?s=Weigelius\" target=\"_blank\" rel=\"noopener\"><span lang=\"EN-US\">Weigelius, Valentine<\/span><\/a><\/li>\n<li><a href=\"https:\/\/annakingsford.com\/portugues\/?s=Widman\" target=\"_blank\" rel=\"noopener\">Widman, J.V.<\/a><\/li>\n<li><a href=\"https:\/\/annakingsford.com\/portugues\/?s=Wilhelm\" target=\"_blank\" rel=\"noopener\">Wilhelm, Richard<\/a><\/li>\n<\/ul>\n<\/div>\n<\/div>\n","protected":false},"excerpt":{"rendered":"<p>Adepto\u00a0(um dos Mahatmas) Agostinho (Santo) Apter, David E. Arnold, Matthew Bacon, Francis Barker, A.T. Besant, Annie Blavatsky, Helena P. Buck,&hellip;<\/p>\n","protected":false},"author":1,"featured_media":0,"parent":0,"menu_order":0,"comment_status":"closed","ping_status":"closed","template":"","meta":{"_seopress_robots_primary_cat":"","_seopress_titles_title":"","_seopress_titles_desc":"","_seopress_robots_index":"","_editorskit_title_hidden":false,"_editorskit_reading_time":0,"_editorskit_is_block_options_detached":false,"_editorskit_block_options_position":"{}","footnotes":""},"class_list":["post-138","page","type-page","status-publish","hentry"],"_links":{"self":[{"href":"https:\/\/annakingsford.com\/portugues\/wp-json\/wp\/v2\/pages\/138","targetHints":{"allow":["GET"]}}],"collection":[{"href":"https:\/\/annakingsford.com\/portugues\/wp-json\/wp\/v2\/pages"}],"about":[{"href":"https:\/\/annakingsford.com\/portugues\/wp-json\/wp\/v2\/types\/page"}],"author":[{"embeddable":true,"href":"https:\/\/annakingsford.com\/portugues\/wp-json\/wp\/v2\/users\/1"}],"replies":[{"embeddable":true,"href":"https:\/\/annakingsford.com\/portugues\/wp-json\/wp\/v2\/comments?post=138"}],"version-history":[{"count":4,"href":"https:\/\/annakingsford.com\/portugues\/wp-json\/wp\/v2\/pages\/138\/revisions"}],"predecessor-version":[{"id":158,"href":"https:\/\/annakingsford.com\/portugues\/wp-json\/wp\/v2\/pages\/138\/revisions\/158"}],"wp:attachment":[{"href":"https:\/\/annakingsford.com\/portugues\/wp-json\/wp\/v2\/media?parent=138"}],"curies":[{"name":"wp","href":"https:\/\/api.w.org\/{rel}","templated":true}]}}