{"id":133,"date":"2023-06-14T21:25:43","date_gmt":"2023-06-14T21:25:43","guid":{"rendered":"https:\/\/annakingsford.com\/portugues\/?page_id=133"},"modified":"2025-03-20T18:59:45","modified_gmt":"2025-03-20T18:59:45","slug":"obras-etc-que-aproximam-o-cristianismo-e-o-budismo","status":"publish","type":"page","link":"https:\/\/annakingsford.com\/portugues\/obras-etc-que-aproximam-o-cristianismo-e-o-budismo\/","title":{"rendered":"Obras (etc) Que Aproximam o Cristianismo e o Budismo"},"content":{"rendered":"<p style=\"text-indent: 36.0pt;\" align=\"justify\">Esta se\u00e7\u00e3o tem por objetivo informar a respeito de obras, textos, pessoas\u00a0etc, que mesmo que de forma n\u00e3o direta, ou\u00a0n\u00e3o explicitamente no sentido de unir essas duas tradi\u00e7\u00f5es religiosas, contribuam\u00a0e promovam a aproxima\u00e7\u00e3o do Cristianismo e do Budismo. E, assim fazendo, em alguma medida possam se enquadrar no esp\u00edrito da seguinte afirma\u00e7\u00e3o de\u00a0Anna Kingsford e Edward Mailtland:<\/p>\n<p style=\"text-indent: 36.0pt;\" align=\"justify\"><em><strong>\u201cAqueles que buscam casar Buda a Jesus s\u00e3o do celestial e superior; e aqueles que se interp\u00f5em ou se objetam ao casamento s\u00e3o do astral e do inferior\u201d.<\/strong><\/em> [<a href=\"https:\/\/annakingsford.com\/portugues\/obras_de_anna_kingsford\/textos\/02-OAKM-P-Pway\/02-OAKM-P-Pway-txt.htm\" target=\"_blank\" rel=\"noopener\"><strong><em>The Perfect Way; or, the Finding of Christ<\/em><\/strong><em> (O Caminho Perfeito; ou, a Descoberta de Cristo)<\/em><\/a>, p. 256]<\/p>\n<p style=\"text-indent: 36.0pt;\" align=\"justify\">Acreditamos que com o desenvolvimento dos trabalhos do Cristianismo Budista (da Roda e Cruz), novas obras e subse\u00e7\u00f5es poder\u00e3o aqui surgir. Por agora, escolhemos algumas obras\u00a0ou textos como exemplos de trabalhos que, mesmo que\u00a0de forma n\u00e3o expl\u00edcita, ou indireta, promovem a aproxima\u00e7\u00e3o do Cristianismo e do Budismo:<\/p>\n<p style=\"text-indent: 36.0pt;\" align=\"justify\"><span lang=\"EN-US\"><strong><em><a href=\"https:\/\/annakingsford.com\/portugues\/obras_de_anna_kingsford\/textos\/07-OAKM-P-Addr-web.htm\" target=\"_blank\" rel=\"noopener\">Addresses and Essays on Vegetarianism<\/a><\/em><\/strong> <em>(Palestras e Ensaios sobre o Vegetarianismo). <\/em>Anna Kingsford e Edward Maitland. Editado por Samuel Hopgood Hart. Londres, John M. Watkins, 1912. 227 pp.<\/span><\/p>\n<p style=\"text-indent: 36.0pt;\" align=\"justify\"><span lang=\"EN-US\"><em><strong>O Buda Jesus \u2013 As Fontes Budistas do Cristianismo<\/strong><\/em>. Holger Kersten e Elmar R. Gruber. S\u00e3o Paulo, Ed. Best Seller. 372 pp.<\/span><\/p>\n<p style=\"text-indent: 36.0pt;\" align=\"justify\"><span lang=\"EN-US\"><strong><em><a href=\"https:\/\/annakingsford.com\/portugues\/obras_de_anna_kingsford\/textos\/06-OAKM-P-Clothedtxt.htm\" target=\"_blank\" rel=\"noopener\">Clothed With the Sun: Being the Illuminations of Anna (Bonus) Kingsford<\/a><\/em><\/strong> <em>(Vestida Com o Sol: as Ilumina\u00e7\u00f5es de Anna (Bonus) Kingsford).<\/em> Editado por Edward Maitland. Primeira Edi\u00e7\u00e3o: Londres, John M. Watkins<strong>, <\/strong>1889. Segunda Edi\u00e7\u00e3o: Birmingham, The Ruskin Press, 1906. Terceira Edi\u00e7\u00e3o: editada por Samuel Hopgood Hart, 1937. Santa Fe (USA), Sun Books (reimpress\u00e3o),\u00a0 1993. 210 pp.<\/span><\/p>\n<p style=\"text-indent: 36.0pt;\" align=\"justify\"><span lang=\"EN-US\"><em><strong>The Concealed Wisdom in World Mythology<\/strong><\/em> <em>(A Sabedoria Oculta na Mitologia Mudial)<\/em>. Geoffrey Hodson. Adyar, TPH, 1983. 219 pp.<\/span><\/p>\n<p style=\"text-indent: 36.0pt;\" align=\"justify\"><span lang=\"EN-US\"><em><strong>O Credo Crist\u00e3o<\/strong><\/em>. C.W. Leadbeater. S\u00e3o Paulo, Ed. Pensamento, 1984. 169 pp.<\/span><\/p>\n<p style=\"text-indent: 36.0pt;\" align=\"justify\"><span lang=\"EN-US\"><a href=\"https:\/\/annakingsford.com\/portugues\/obras_de_anna_kingsford\/textos\/08-OAKM-P-Credo-web.htm\" target=\"_blank\" rel=\"noopener\"><b><i>The Credo of Christendom: and other Addresses and Essays on Esoteric Christianity<\/i><\/b><\/a><i> <\/i><i>(O Credo do Cristianismo: e Outras Palestras e Ensaios sobre o Cristianismo Esot\u00e9rico).<\/i> Anna Kingsford e Edward Maitland. Editado por Samuel Hopgood Hart. Londres, John M. Watkins, 1916. 256 pp.<\/span><\/p>\n<p style=\"text-indent: 36.0pt;\" align=\"justify\"><em><strong>O Cristianismo Esot\u00e9rico<\/strong><\/em>. Annie Besant. S\u00e3o Paulo, Ed. Pensamento, 2005. 208 pp.<\/p>\n<p style=\"text-indent: 36.0pt;\" align=\"justify\"><span lang=\"EN-US\"><em><strong>Cristianismo Zen \u2013 Uma Forma de Medita\u00e7\u00e3o<\/strong><\/em>. William Johnston (Padre). S\u00e3o Paulo, Ed. Cultrix, 1993. 130 pp.<\/span><\/p>\n<p style=\"text-indent: 36.0pt;\" align=\"justify\"><span lang=\"EN-US\"><a href=\"https:\/\/annakingsford.com\/portugues\/outras_obras_relacionadas\/obras_relacionadas\/OOR-P-Esfinge\/index.htm\" target=\"_blank\" rel=\"noopener\"><em><strong>A Esfinge Helena Blavatsky<\/strong><\/em><\/a>. Marina Villares Lenz Cesar Sisson. Bras\u00edlia, edi\u00e7\u00e3o da autora, 2003. 307 pp <\/span><\/p>\n<p style=\"text-indent: 36.0pt;\" align=\"justify\"><span lang=\"EN-US\"><em><strong>O Evangelho de Ramakrishna<\/strong><\/em>. Abhedananda, Swami. S\u00e3o Paulo, Ed. Pensamento, 1995. 223 pp.<\/span><\/p>\n<p style=\"text-indent: 36.0pt;\" align=\"justify\"><span lang=\"EN-US\"><em><strong>A Gnose Crist\u00e3<\/strong><\/em>. C.W. Leadbeater. Bras\u00edlia, Ed. Teos\u00f3fica, 1994.\u00a0252 pp.<\/span><\/p>\n<p style=\"text-indent: 36.0pt;\" align=\"justify\"><span lang=\"EN-US\"><em><strong>The Hidden Wisdom in the Holy Bible<\/strong> (A Sabedoria Oculta na B\u00edblia Sagrada)<\/em>. Geoffrey Hodson. Adyar, TPH, 1991. (quatro volumes) Vol. I, 292 pp.;\u00a0Vol. II 408 pp.; Vol III, 345 pp.; \u00a0Vol. IV, 375 pp.<\/span><\/p>\n<p style=\"text-indent: 36.0pt;\" align=\"justify\"><span lang=\"EN-US\"><em><strong>An Introduction to Hindu Symbolism <\/strong><\/em><em>(Uma Introdu\u00e7\u00e3o ao Simbolismo Hindu<\/em>).\u00a0I.K. Taimni. Adyar, TPH, 1980. 118 pp.<\/span><\/p>\n<p style=\"text-indent: 36.0pt;\" align=\"justify\"><span lang=\"EN-US\"><strong><a href=\"https:\/\/annakingsford.com\/portugues\/obras_de_anna_kingsford\/textos\/OAKM-P-Message-web.htm\" target=\"_blank\" rel=\"noopener\"><em>Uma Mensagem \u00e0 Terra<\/em><\/a><\/strong> <em>(A Message to Earth).<\/em> Edward Maitland (editor). Publicado anonimamente. [Publicado em conjunto com os escritos reconhecidos pela <em>Uni\u00e3o Crist\u00e3 Esot\u00e9rica<\/em> como pertencendo ao <em>\u201cNovo Evangelho da Interpreta\u00e7\u00e3o\u201d<\/em>]. Londres (Lamley &amp; Co., 1 &amp; 3 Exhibition Road, S.W.), 1892. 93 pp.<\/span><\/p>\n<p style=\"text-indent: 36.0pt;\" align=\"justify\"><span lang=\"EN-US\"><em><strong>M\u00edsticos e Mestres Zen<\/strong><\/em>. Thomas Merton (Conhecido escritor e m\u00edstico crist\u00e3o). Rio de Janeiro, Ed. Civiliza\u00e7\u00e3o Brasileira, 1972. 305 pp.<\/span><\/p>\n<p style=\"text-indent: 36.0pt;\" align=\"justify\"><span lang=\"EN-US\"><em><strong>The Mystery Teaching of the Bible<\/strong><\/em> <em>(Os Ensinamentos B\u00edblicos dos Mist\u00e9rios)<\/em>.\u00a0Daisy E. Grove. London, TPH, 1962. 120 pp.<\/span><\/p>\n<p style=\"text-indent: 36.0pt;\" align=\"justify\"><span lang=\"EN-US\"><em><strong>The New Testament Commentaries of H.P. Blavatsky<\/strong><\/em> <em>(Coment\u00e1rios de H.P. Blavatsky ao Novo Testamento)<\/em>.\u00a0Compilado e comentado por H.J. Spierenburg. San Diego, Point Loma Publications, 1987. 343 pp.<\/span><\/p>\n<p style=\"text-indent: 36.0pt;\" align=\"justify\"><span lang=\"EN-US\"><strong><em><a href=\"https:\/\/annakingsford.com\/portugues\/obras_de_anna_kingsford\/textos\/OAKM-P-Novoevangelho-web.htm\" target=\"_blank\" rel=\"noopener\">O &#8220;Novo&#8221; Evangelho da Interpreta\u00e7\u00e3o: Um Resumao do Cristianismo M\u00edstico da Dra. Anna Kingsford<\/a><\/em><\/strong><em>.<\/em> Edward Maitland. Reedi\u00e7\u00e3o, com modifica\u00e7\u00f5es, feitas por Arnaldo Sisson Filho. Bras\u00edlia, Cole\u00e7\u00e3o Roda e Cruz, 2012. 99 pp.<\/span><\/p>\n<p style=\"text-indent: 36.0pt;\" align=\"justify\"><span lang=\"EN-US\"><em><strong>Return to the Centre<\/strong><\/em> <em>(Retorno ao Centro)<\/em>. Bede Griffiths. Collins (USA), 1976. 154 pp. (Especialmente, o cap\u00edtulo 12: <em>The Buddha, Krishna and Christ<\/em>)<\/span><\/p>\n<p style=\"text-indent: 36.0pt;\" align=\"justify\"><span lang=\"EN-US\"><em><strong>Seven Great Religions (Hinduism, Zoroastrianism, Jainism, Buddhism, Christianity, Islam, Sidhism)<\/strong><\/em> <em>(Sete Grandes Religi\u00f5es: Hindu\u00edsmo, Zoroastrismo, Jainismo, Budismo, Cristianismo, Islamismo, Sikhismo).\u00a0<\/em>Annie Besant. Adyar, TPH, 1992. 296 pp.<\/span><\/p>\n<p style=\"text-indent: 36.0pt;\" align=\"justify\"><em><strong>Teaching Zen to Christians<\/strong><\/em> <em>(Ensinando Zen para os Crist\u00e3os)<\/em>. Elaine MacInnes (Irm\u00e3). Manila, TPH, 1993. 113 pp.<\/p>\n<p style=\"text-indent: 36.0pt;\" align=\"justify\"><span lang=\"EN-US\"><a href=\"https:\/\/annakingsford.com\/portugues\/Biblias_Abertas\/OB-P-TeosofiaeFraternidade-web.htm\" target=\"_blank\" rel=\"noopener\"><b><i>Teosofia e Fraternidade Universal<\/i><\/b><em> (Elementos Decisivos da Gl\u00f3ria ou do Fracasso da Soc. Teos\u00f3fica)<\/em><\/a>. Arnaldo Sisson Filho. Bras\u00edlia, 2009. (Obra completa no <a href=\"https:\/\/annakingsford.com\/portugues\/\" target=\"_blank\" rel=\"noopener\"><em><strong>Site Anna Kingsford<\/strong><\/em><\/a>)<\/span><\/p>\n<p style=\"text-indent: 36.0pt;\" align=\"justify\"><em><strong>Yeshua Buddha \u2013 An Interpretation of New Testament Theology as a Meaningful Myth<\/strong><\/em> <em>(Buda Yeshua \u2013 Uma Interpreta\u00e7\u00e3o da Teologia do Novo Testamento Como um Mito Significativo)<\/em>. Jay G. Williams. Wheaton, Quest Books, 1978. 134 pp.<\/p>\n","protected":false},"excerpt":{"rendered":"<p>Esta se\u00e7\u00e3o tem por objetivo informar a respeito de obras, textos, pessoas\u00a0etc, que mesmo que de forma n\u00e3o direta, ou\u00a0n\u00e3o&hellip;<\/p>\n","protected":false},"author":1,"featured_media":0,"parent":0,"menu_order":0,"comment_status":"closed","ping_status":"closed","template":"","meta":{"_seopress_robots_primary_cat":"","_seopress_titles_title":"","_seopress_titles_desc":"","_seopress_robots_index":"","_editorskit_title_hidden":false,"_editorskit_reading_time":0,"_editorskit_is_block_options_detached":false,"_editorskit_block_options_position":"{}","footnotes":""},"class_list":["post-133","page","type-page","status-publish","hentry"],"_links":{"self":[{"href":"https:\/\/annakingsford.com\/portugues\/wp-json\/wp\/v2\/pages\/133","targetHints":{"allow":["GET"]}}],"collection":[{"href":"https:\/\/annakingsford.com\/portugues\/wp-json\/wp\/v2\/pages"}],"about":[{"href":"https:\/\/annakingsford.com\/portugues\/wp-json\/wp\/v2\/types\/page"}],"author":[{"embeddable":true,"href":"https:\/\/annakingsford.com\/portugues\/wp-json\/wp\/v2\/users\/1"}],"replies":[{"embeddable":true,"href":"https:\/\/annakingsford.com\/portugues\/wp-json\/wp\/v2\/comments?post=133"}],"version-history":[{"count":5,"href":"https:\/\/annakingsford.com\/portugues\/wp-json\/wp\/v2\/pages\/133\/revisions"}],"predecessor-version":[{"id":288,"href":"https:\/\/annakingsford.com\/portugues\/wp-json\/wp\/v2\/pages\/133\/revisions\/288"}],"wp:attachment":[{"href":"https:\/\/annakingsford.com\/portugues\/wp-json\/wp\/v2\/media?parent=133"}],"curies":[{"name":"wp","href":"https:\/\/api.w.org\/{rel}","templated":true}]}}