{"id":119,"date":"2023-06-14T21:11:58","date_gmt":"2023-06-14T21:11:58","guid":{"rendered":"https:\/\/annakingsford.com\/portugues\/?page_id=119"},"modified":"2024-10-23T20:21:09","modified_gmt":"2024-10-23T20:21:09","slug":"obras","status":"publish","type":"page","link":"https:\/\/annakingsford.com\/portugues\/obras\/","title":{"rendered":"Obras e Textos"},"content":{"rendered":"<p style=\"text-align: justify; text-indent: 36.0pt;\" align=\"justify\"><strong>\u2013 <a href=\"https:\/\/annakingsford.com\/portugues\/obras-e-textos-em-portugues\/\" target=\"_blank\" rel=\"noopener\">Obras e Textos em Portugu\u00eas<\/a><\/strong><\/p>\n<p style=\"text-align: justify; text-indent: 36.0pt;\" align=\"justify\"><strong>\u2013 <a href=\"https:\/\/annakingsford.com\/portugues\/obras-de-anna-kingsford-e-e-maitland\/\" target=\"_blank\" rel=\"noopener\">Obras de Anna Kingsford (e E. Maitland)<\/a><\/strong><\/p>\n<p style=\"text-align: justify; text-indent: 36.0pt;\" align=\"justify\"><strong>\u2013 <a href=\"https:\/\/annakingsford.com\/portugues\/textos-relacionados-com-os-problemas-na-loja-de-londres-ordem-cronologica\/\" target=\"_blank\" rel=\"noopener\">Textos sobre Problemas na Loja de Londres<\/a><\/strong><\/p>\n<p style=\"text-align: justify; text-indent: 36.0pt;\" align=\"justify\"><strong>\u2013 <a href=\"https:\/\/annakingsford.com\/portugues\/informacoes-biograficas-e-biografias\/\" target=\"_blank\" rel=\"noopener\">Informa\u00e7\u00f5es Biogr\u00e1ficas e Biografias<\/a><\/strong><\/p>\n<p style=\"text-align: justify; text-indent: 36.0pt;\" align=\"justify\"><strong>\u2013 <a href=\"https:\/\/annakingsford.com\/portugues\/outras-obras-e-informacoes-relacionadas\/\" target=\"_blank\" rel=\"noopener\">Outras Obras e Informa\u00e7\u00f5es Relacionadas<\/a><\/strong><\/p>\n<p style=\"text-align: justify; text-indent: 36.0pt;\" align=\"justify\"><strong>\u2013 <a href=\"https:\/\/annakingsford.com\/portugues\/biblias-abertas\/\" target=\"_blank\" rel=\"noopener\">B\u00edblias Abertas<\/a><\/strong><\/p>\n<p style=\"text-align: justify; text-indent: 36.0pt;\" align=\"justify\"><strong>\u2013 <a href=\"https:\/\/annakingsford.com\/portugues\/obras-etc-que-aproximam-o-cristianismo-e-o-budismo\/\" target=\"_blank\" rel=\"noopener\">Obras Que Aproximam Cristianismo e Budismo<\/a><\/strong><\/p>\n<p style=\"text-align: justify; text-indent: 36.0pt;\" align=\"justify\"><strong>\u2013 <a href=\"https:\/\/annakingsford.com\/portugues\/downloads-gratuitos-e-obras-online\/\" target=\"_blank\" rel=\"noopener\">Downloads Gratuitos e Obras Online<\/a><\/strong><\/p>\n<p style=\"text-align: justify; text-indent: 36.0pt;\" align=\"justify\"><strong>\u2013 <a href=\"https:\/\/www.rodaecruz.com\/colecao-roda-e-cruz\/\" target=\"_blank\" rel=\"noopener\">Cole\u00e7\u00e3o Roda e Cruz<\/a><\/strong><\/p>\n","protected":false},"excerpt":{"rendered":"<p>\u2013 Obras e Textos em Portugu\u00eas \u2013 Obras de Anna Kingsford (e E. Maitland) \u2013 Textos sobre Problemas na Loja&hellip;<\/p>\n","protected":false},"author":1,"featured_media":0,"parent":0,"menu_order":0,"comment_status":"closed","ping_status":"closed","template":"","meta":{"_seopress_robots_primary_cat":"","_seopress_titles_title":"","_seopress_titles_desc":"","_seopress_robots_index":"","_editorskit_title_hidden":false,"_editorskit_reading_time":0,"_editorskit_is_block_options_detached":false,"_editorskit_block_options_position":"{}","footnotes":""},"class_list":["post-119","page","type-page","status-publish","hentry"],"_links":{"self":[{"href":"https:\/\/annakingsford.com\/portugues\/wp-json\/wp\/v2\/pages\/119","targetHints":{"allow":["GET"]}}],"collection":[{"href":"https:\/\/annakingsford.com\/portugues\/wp-json\/wp\/v2\/pages"}],"about":[{"href":"https:\/\/annakingsford.com\/portugues\/wp-json\/wp\/v2\/types\/page"}],"author":[{"embeddable":true,"href":"https:\/\/annakingsford.com\/portugues\/wp-json\/wp\/v2\/users\/1"}],"replies":[{"embeddable":true,"href":"https:\/\/annakingsford.com\/portugues\/wp-json\/wp\/v2\/comments?post=119"}],"version-history":[{"count":8,"href":"https:\/\/annakingsford.com\/portugues\/wp-json\/wp\/v2\/pages\/119\/revisions"}],"predecessor-version":[{"id":287,"href":"https:\/\/annakingsford.com\/portugues\/wp-json\/wp\/v2\/pages\/119\/revisions\/287"}],"wp:attachment":[{"href":"https:\/\/annakingsford.com\/portugues\/wp-json\/wp\/v2\/media?parent=119"}],"curies":[{"name":"wp","href":"https:\/\/api.w.org\/{rel}","templated":true}]}}