{"id":110,"date":"2023-06-14T21:04:22","date_gmt":"2023-06-14T21:04:22","guid":{"rendered":"https:\/\/annakingsford.com\/portugues\/?page_id=110"},"modified":"2023-06-14T21:04:22","modified_gmt":"2023-06-14T21:04:22","slug":"encontrou-algum-erro-no-site","status":"publish","type":"page","link":"https:\/\/annakingsford.com\/portugues\/encontrou-algum-erro-no-site\/","title":{"rendered":"Encontrou Algum Erro no Site?"},"content":{"rendered":"<p style=\"text-align: justify; text-indent: 36.0pt;\"><em><strong>Caro Leitor:<\/strong><\/em><\/p>\n<p style=\"text-align: justify; text-indent: 36.0pt;\">Se voc\u00ea encontrou algum erro no Site Anna Kingsford, por favor nos avise. A sua ajuda \u00e9 muito importante e ir\u00e1 contribuir para a melhoria do website. Nos informe sobre qualquer erro de digita\u00e7\u00e3o, links quebrados, p\u00e1ginas que n\u00e3o abrem, ou qualquer sugest\u00e3o e cr\u00edtica para melhoramento do site.<\/p>\n<p style=\"text-align: justify; text-indent: 36.0pt;\">Envie sua mensagem para: <a href=\"mailto:asisson@terra.com.br\" target=\"_blank\" rel=\"noopener\">asisson@terra.com.br<\/a><\/p>\n","protected":false},"excerpt":{"rendered":"<p>Caro Leitor: Se voc\u00ea encontrou algum erro no Site Anna Kingsford, por favor nos avise. A sua ajuda \u00e9 muito&hellip;<\/p>\n","protected":false},"author":1,"featured_media":0,"parent":0,"menu_order":0,"comment_status":"closed","ping_status":"closed","template":"","meta":{"_seopress_robots_primary_cat":"","_seopress_titles_title":"","_seopress_titles_desc":"","_seopress_robots_index":"","_editorskit_title_hidden":false,"_editorskit_reading_time":0,"_editorskit_is_block_options_detached":false,"_editorskit_block_options_position":"{}","footnotes":""},"class_list":["post-110","page","type-page","status-publish","hentry"],"_links":{"self":[{"href":"https:\/\/annakingsford.com\/portugues\/wp-json\/wp\/v2\/pages\/110","targetHints":{"allow":["GET"]}}],"collection":[{"href":"https:\/\/annakingsford.com\/portugues\/wp-json\/wp\/v2\/pages"}],"about":[{"href":"https:\/\/annakingsford.com\/portugues\/wp-json\/wp\/v2\/types\/page"}],"author":[{"embeddable":true,"href":"https:\/\/annakingsford.com\/portugues\/wp-json\/wp\/v2\/users\/1"}],"replies":[{"embeddable":true,"href":"https:\/\/annakingsford.com\/portugues\/wp-json\/wp\/v2\/comments?post=110"}],"version-history":[{"count":1,"href":"https:\/\/annakingsford.com\/portugues\/wp-json\/wp\/v2\/pages\/110\/revisions"}],"predecessor-version":[{"id":113,"href":"https:\/\/annakingsford.com\/portugues\/wp-json\/wp\/v2\/pages\/110\/revisions\/113"}],"wp:attachment":[{"href":"https:\/\/annakingsford.com\/portugues\/wp-json\/wp\/v2\/media?parent=110"}],"curies":[{"name":"wp","href":"https:\/\/api.w.org\/{rel}","templated":true}]}}