{"id":105,"date":"2023-06-14T21:03:50","date_gmt":"2023-06-14T21:03:50","guid":{"rendered":"https:\/\/annakingsford.com\/portugues\/?page_id=105"},"modified":"2023-06-14T21:03:50","modified_gmt":"2023-06-14T21:03:50","slug":"quem-somos","status":"publish","type":"page","link":"https:\/\/annakingsford.com\/portugues\/quem-somos\/","title":{"rendered":"Quem Somos"},"content":{"rendered":"<p><strong>Dire\u00e7\u00e3o-Geral<\/strong><br \/>\n&#8211; Arnaldo Sisson Filho<\/p>\n<p><strong>Tradu\u00e7\u00e3o<\/strong><br \/>\n&#8211; Arnaldo Sisson Filho<\/p>\n<p><strong>Colaboradores<\/strong><br \/>\n&#8211; Brian McAllister<br \/>\n&#8211; Donald Granger<br \/>\n&#8211; Luis Antonio de Souza<br \/>\n&#8211; Luis Henrique de Souza<br \/>\n&#8211; Paulo Brumana<br \/>\n&#8211; Ralph Johnson<\/p>\n<p><strong> Agradecimento aos Colaboradores An\u00f4nimos<br \/>\n<\/strong><\/p>\n<div align=\"justify\">&#8211; Nosso reconhecimento e agradecimento aos v\u00e1rios colaboradores an\u00f4nimos, cujo aux\u00edlio tem sido fundamental para o desenvolvimento desse site.<\/div>\n<p style=\"text-align: center;\"><strong> &#8230;&#8230;&#8230;&#8230;&#8230;&#8230;&#8230;&#8230;&#8230;&#8230;&#8230;&#8230;&#8230;&#8230;&#8230;&#8230;&#8230;&#8230;&#8230;.<br \/>\n<a href=\"http:\/\/annakingsford.com\/\" target=\"_blank\" rel=\"noopener\">www.anna-kingsford.com<\/a><\/strong><\/p>\n","protected":false},"excerpt":{"rendered":"<p>Dire\u00e7\u00e3o-Geral &#8211; Arnaldo Sisson Filho Tradu\u00e7\u00e3o &#8211; Arnaldo Sisson Filho Colaboradores &#8211; Brian McAllister &#8211; Donald Granger &#8211; Luis Antonio&hellip;<\/p>\n","protected":false},"author":1,"featured_media":0,"parent":0,"menu_order":0,"comment_status":"closed","ping_status":"closed","template":"","meta":{"_seopress_robots_primary_cat":"","_seopress_titles_title":"","_seopress_titles_desc":"","_seopress_robots_index":"","_editorskit_title_hidden":false,"_editorskit_reading_time":0,"_editorskit_is_block_options_detached":false,"_editorskit_block_options_position":"{}","footnotes":""},"class_list":["post-105","page","type-page","status-publish","hentry"],"_links":{"self":[{"href":"https:\/\/annakingsford.com\/portugues\/wp-json\/wp\/v2\/pages\/105","targetHints":{"allow":["GET"]}}],"collection":[{"href":"https:\/\/annakingsford.com\/portugues\/wp-json\/wp\/v2\/pages"}],"about":[{"href":"https:\/\/annakingsford.com\/portugues\/wp-json\/wp\/v2\/types\/page"}],"author":[{"embeddable":true,"href":"https:\/\/annakingsford.com\/portugues\/wp-json\/wp\/v2\/users\/1"}],"replies":[{"embeddable":true,"href":"https:\/\/annakingsford.com\/portugues\/wp-json\/wp\/v2\/comments?post=105"}],"version-history":[{"count":1,"href":"https:\/\/annakingsford.com\/portugues\/wp-json\/wp\/v2\/pages\/105\/revisions"}],"predecessor-version":[{"id":109,"href":"https:\/\/annakingsford.com\/portugues\/wp-json\/wp\/v2\/pages\/105\/revisions\/109"}],"wp:attachment":[{"href":"https:\/\/annakingsford.com\/portugues\/wp-json\/wp\/v2\/media?parent=105"}],"curies":[{"name":"wp","href":"https:\/\/api.w.org\/{rel}","templated":true}]}}