{"id":100,"date":"2023-06-14T21:02:16","date_gmt":"2023-06-14T21:02:16","guid":{"rendered":"https:\/\/annakingsford.com\/portugues\/?page_id=100"},"modified":"2023-08-02T21:24:45","modified_gmt":"2023-08-02T21:24:45","slug":"contatos","status":"publish","type":"page","link":"https:\/\/annakingsford.com\/portugues\/contatos\/","title":{"rendered":"Contato"},"content":{"rendered":"<p style=\"text-align: justify; text-indent: 36.0pt;\">Prezado Leitor,<\/p>\n<p style=\"text-align: justify; text-indent: 36.0pt;\">Para contatar com o Administrador do <strong><em>Site Anna Kingsford<\/em><\/strong>, envie sua mensagem para o endere\u00e7o que aparece abaixo.<\/p>\n<p style=\"text-align: justify; text-indent: 36.0pt;\">Suas sugest\u00f5es, contribui\u00e7\u00f5es, d\u00favidas e cr\u00edticas s\u00e3o muito bem-vindas e faremos o poss\u00edvel para responder todas as mensagens recebidas rapidamente.<\/p>\n<p style=\"text-align: justify; text-indent: 36.0pt;\">Envie sua mensagem para: <img loading=\"lazy\" decoding=\"async\" class=\"alignnone size-full wp-image-233\" src=\"https:\/\/annakingsford.com\/portugues\/wp-content\/uploads\/2023\/08\/email.gif\" alt=\"\" width=\"163\" height=\"22\" \/><\/p>\n","protected":false},"excerpt":{"rendered":"<p>Prezado Leitor, Para contatar com o Administrador do Site Anna Kingsford, envie sua mensagem para o endere\u00e7o que aparece abaixo.&hellip;<\/p>\n","protected":false},"author":1,"featured_media":0,"parent":0,"menu_order":0,"comment_status":"closed","ping_status":"closed","template":"","meta":{"_seopress_robots_primary_cat":"","_seopress_titles_title":"","_seopress_titles_desc":"","_seopress_robots_index":"","_editorskit_title_hidden":false,"_editorskit_reading_time":0,"_editorskit_is_block_options_detached":false,"_editorskit_block_options_position":"{}","footnotes":""},"class_list":["post-100","page","type-page","status-publish","hentry"],"_links":{"self":[{"href":"https:\/\/annakingsford.com\/portugues\/wp-json\/wp\/v2\/pages\/100","targetHints":{"allow":["GET"]}}],"collection":[{"href":"https:\/\/annakingsford.com\/portugues\/wp-json\/wp\/v2\/pages"}],"about":[{"href":"https:\/\/annakingsford.com\/portugues\/wp-json\/wp\/v2\/types\/page"}],"author":[{"embeddable":true,"href":"https:\/\/annakingsford.com\/portugues\/wp-json\/wp\/v2\/users\/1"}],"replies":[{"embeddable":true,"href":"https:\/\/annakingsford.com\/portugues\/wp-json\/wp\/v2\/comments?post=100"}],"version-history":[{"count":2,"href":"https:\/\/annakingsford.com\/portugues\/wp-json\/wp\/v2\/pages\/100\/revisions"}],"predecessor-version":[{"id":234,"href":"https:\/\/annakingsford.com\/portugues\/wp-json\/wp\/v2\/pages\/100\/revisions\/234"}],"wp:attachment":[{"href":"https:\/\/annakingsford.com\/portugues\/wp-json\/wp\/v2\/media?parent=100"}],"curies":[{"name":"wp","href":"https:\/\/api.w.org\/{rel}","templated":true}]}}