{"id":22,"date":"2023-06-28T20:54:36","date_gmt":"2023-06-28T20:54:36","guid":{"rendered":"https:\/\/annakingsford.com\/english\/?page_id=22"},"modified":"2024-10-23T19:14:35","modified_gmt":"2024-10-23T19:14:35","slug":"presentation","status":"publish","type":"page","link":"https:\/\/annakingsford.com\/english\/presentation\/","title":{"rendered":"Presentation"},"content":{"rendered":"<p style=\"text-align: justify; text-indent: 36.0pt;\" align=\"justify\"><strong><em><u>PRESENTATION \u2014 WHO ARE WE? \u2014 CONTACT<\/u><\/em><\/strong><\/p>\n<hr \/>\n<p style=\"text-align: justify; text-indent: 36.0pt;\" align=\"justify\">\u25ba <em><strong><u>PRESENTATION<\/u><\/strong><\/em><\/p>\n<p style=\"text-align: justify; text-indent: 36.0pt;\" align=\"justify\"><span lang=\"EN\"><span style=\"font-family: Arial;\">This <b><i>Anna Kingsford Site<\/i><\/b>, as well as the associated sites <a href=\"https:\/\/perennial-philosophy.com\" target=\"_blank\" rel=\"noopener\"><b><i><u>The Perennial Philosophy<\/u><\/i><\/b><\/a>; <a href=\"https:\/\/universalbrotherhood.com.br\" target=\"_blank\" rel=\"noopener\"><b><i><u>Universal Brotherhood as a Law<\/u><\/i><\/b><\/a>; <a href=\"https:\/\/gospelofinterpretation.com\" target=\"_blank\" rel=\"noopener\"><b><i><u>The \u201cNew\u201d Gospel of Interpretation<\/u><\/i><\/b><\/a>; <a href=\"https:\/\/\/buddhistchristianity.com\" target=\"_blank\" rel=\"noopener\"><b><i><u>Buddhist Christianity<\/u><\/i><\/b><\/a>; <a href=\"https:\/\/wheelandcross.com\" target=\"_blank\" rel=\"noopener\"><b><i><u>The Wheel and the Cross<\/u><\/i><\/b><\/a>; <a href=\"https:\/\/democracyofthefuture.com\" target=\"_blank\" rel=\"noopener\"><b><i><u>The Democracy of the Future<\/u><\/i><\/b><\/a>; <a href=\"https:\/\/humanitarianism.com.br\" target=\"_blank\" rel=\"noopener\"><b><i><u>Humanitarianism<\/u><\/i><\/b><\/a>; <a href=\"https:\/\/ideas4betterworld.com\" target=\"_blank\" rel=\"noopener\"><b><i><u>Ideas for a Better World<\/u><\/i><\/b><\/a> and the <a href=\"https:\/\/wheelandcross.com\/farm-saint-columban-wheel-and-cross\/\" target=\"_blank\" rel=\"noopener\"><b><i><u>Farm<\/u><\/i><\/b><\/a> that has \u201cthe Wheel and the Cross\u201d (symbols of Buddhism and Christianity) in their names; as well as the other <a href=\"https:\/\/wheelandcross.com\/associated-sites-and-pages\/\" target=\"_blank\" rel=\"noopener\"><b><i><u>Associated Sites and Pages<\/u><\/i><\/b><\/a>, are derivatives of the <b><i>Perennial Philosophy<\/i><\/b>, and its great <b><i>Natural Law of Universal Brotherhood<\/i><\/b>.<\/span><\/span><\/p>\n<p style=\"text-align: justify; text-indent: 36.0pt;\" align=\"justify\"><span lang=\"EN\"><span style=\"font-family: Arial;\">The <b><i>Perennial Philosophy<\/i><\/b> and its <b><i>Natural Law of Universal Brotherhood<\/i><\/b> are present in all the great religious and philosophical traditions, only under different symbols, languages and, therefore, cultures. Here on this Site, this Philosophy and this great Natural Law seek to be transmitted to the world, above all, through the dissemination of the teachings (still little known) of the <a href=\"https:\/\/gospelofinterpretation.com\/\" target=\"_blank\" rel=\"noopener\"><b><i><u>\u201cNew\u201d Gospel of Interpretation<\/u><\/i><\/b><\/a>, as well as the dissemination of subjects and authors in harmony with this message. This is the denomination of the philosophical-religious message bequeathed to the world by Dr. Anna Kingsford and Edward Maitland, which, in our best light, contains the true mystical (deep, spiritual) meaning of Christianity.<\/span><\/span><\/p>\n<p style=\"text-align: justify; text-indent: 36.0pt;\" align=\"justify\"><span lang=\"EN\"><span style=\"font-family: Arial;\">This recover of the true interpretation of the symbols and message of Christianity is something of the utmost importance regarding the possibilities of overcoming the world&#8217;s problems. Let&#8217;s look at some arguments and facts in support of this claim.<\/span><\/span><\/p>\n<p style=\"text-align: justify; text-indent: 36.0pt;\" align=\"justify\"><span lang=\"EN\"><span style=\"font-family: Arial;\">First, there is the fact that Christianity is one of the pillars of Western civilization, and that this model of civilization is largely dominating the world. And as this model of civilization,\u00a0<\/span><\/span><span class=\"Y2IQFc\" lang=\"en\">even if it contains positive aspects, <\/span><span lang=\"EN\"><span style=\"font-family: Arial;\">is leading the world towards gigantic catastrophes, it is necessary to reform its main columns. In addition to present Christianity, with its sectarianism and idolatry, we have as another pillar Modern Science, which has become dominant at the elite level, which today is dominated by Materialism.<\/span><\/span><\/p>\n<p style=\"text-align: justify; text-indent: 36.0pt;\" align=\"justify\"><span lang=\"EN\"><span style=\"font-family: Arial;\">Thus, the civilization model of modernity is nowadays structured on false metaphysical and ethical bases, whether in the philosophical-religious field or in the scientific field. If these assumptions are true, then the world needs a major intellectual reform, which presents more just and truer metaphysical and ethical bases.<\/span><\/span><\/p>\n<p style=\"text-align: justify; text-indent: 36.0pt;\" align=\"justify\"><span lang=\"EN\"><span style=\"font-family: Arial;\">This great reform must embrace the religion, philosophy, and science of modernity up to our days. And the\u00a0<a href=\"https:\/\/gospelofinterpretation.com\/\" target=\"_blank\" rel=\"noopener\"><b><i><u>\u201cNew\u201d Gospel of Interpretation<\/u><\/i><\/b><\/a> is a pioneering example of this great reform in the philosophical and religious fields. An example of interpretive reform that should be similarly applied to the other great religious and philosophical traditions of humanity. An example that, at the same time being truly catholic (universal, non-sectarian) and scientific (with experimental attitude), can bring together and harmonize these three fundamental fields of human knowledge: religion, philosophy and science.<\/span><\/span><\/p>\n<p style=\"text-align: justify; text-indent: 36.0pt;\" align=\"justify\">It is important to make it clear, again, that the <span style=\"text-decoration: underline;\"><a href=\"https:\/\/perennial-philosophy.com\" target=\"_blank\" rel=\"noopener\"><strong><em>Perennial Philosophy<\/em><\/strong><\/a><\/span> and its great <a href=\"https:\/\/universalbrotherhood.com.br\/\" target=\"_blank\" rel=\"noopener\"><span style=\"text-decoration: underline;\"><strong><em>Natural Law of Universal Brotherhood<\/em><\/strong><\/span><\/a>, which underlies the <strong><em>\u201c<\/em><\/strong><strong><em>New<\/em><\/strong><strong><em>\u201d<\/em><\/strong><strong><em> Gospel of Interpretation<\/em><\/strong>, can also be transmitted to the world through other religious and philosophical traditions, and even through modern science and the arts. This intellectual perspective (worldview) together with a practice consistent with the <a href=\"https:\/\/universalbrotherhood.com.br\/\" target=\"_blank\" rel=\"noopener\"><span style=\"text-decoration: underline;\"><strong><em>Natural Law of Universal Brotherhood<\/em><\/strong><\/span><\/a>, that is, which is at the same time catholic (universal) and scientific (experimental), is necessary for the dissemination of metaphysical and ethical principles in a way that is coherent and harmonious with the very existence of the Perennial Philosophy and its great Natural Law of Universal Brotherhood (see the text <a href=\"https:\/\/perennial-philosophy.com\/perennial-philosophy-general-aspects-and-its-relevance\/\" target=\"_blank\" rel=\"noopener\"><strong><em><u>Perennial Philosophy: General Aspects and its Importance<\/u><\/em><\/strong><\/a>).<\/p>\n<p style=\"text-align: justify; text-indent: 36.0pt;\" align=\"justify\"><span lang=\"EN\"><span style=\"font-family: Arial;\">Within the immense interpretive work of the Christian Scriptures, which is the main aspect of this <b><i>\u201cNew\u201d Gospel<\/i><\/b>, we find a clear exposition of the necessary complementarity and unity existing between Buddhism and Christianity \u2013 <a href=\"https:\/\/buddhistchristianity.com\/\" target=\"_blank\" rel=\"noopener\"><b><i><u>Buddhist Christianity<\/u><\/i><\/b><\/a>. And ethics (values) and main social institutions derived from the Natural Law of Universal Brotherhood (heart of the doctrine and life of Buddhist Christianity) are the bases of the social philosophy called <a href=\"https:\/\/humanitarianism.com.br\/\" target=\"_blank\" rel=\"noopener\"><b><i><u>Humanitarianism<\/u><\/i><\/b><\/a>, and its new model of social organization called\u00a0 <a href=\"https:\/\/democracyofthefuture.com\/\" target=\"_blank\" rel=\"noopener\"><b><i><u>Participatory Democracy of the Future<\/u><\/i><\/b><\/a>.<\/span><\/span><\/p>\n<p style=\"text-align: justify; text-indent: 36.0pt;\" align=\"justify\"><span lang=\"EN\"><span style=\"font-family: Arial;\">In this way, all the content on this Site is linked to and is complementary to the other <a href=\"https:\/\/wheelandcross.com\/associated-sites-and-pages\/\" target=\"_blank\" rel=\"noopener\"><b><i><u>Associated Sites and Pages<\/u><\/i><\/b><\/a>, which deal with the various aspects of the work to spread this great message.<\/span><\/span><\/p>\n<p style=\"text-align: justify; text-indent: 36.0pt;\" align=\"justify\">For a synthetic view of the life and message of Dr. Anna Kingsford and Edward Maitland, we recommend some introductory texts:<\/p>\n<ul>\n<li><a href=\"https:\/\/annakingsford.com\/english\/Biographical_Information_and_Biographies\/Texts\/IBB-I-HartAnnaLife.htm\" target=\"_blank\" rel=\"noopener\"><strong><em>Anna Kingsford: Her Life and Work<\/em><\/strong><\/a><\/li>\n<li><a href=\"https:\/\/annakingsford.com\/english\/Biographical_Information_and_Biographies\/Texts\/IBB-I-HartMemoAKtxt.htm\" target=\"_blank\" rel=\"noopener\"><strong><em>In Memoriam Anna Kingsford<\/em><\/strong><\/a><\/li>\n<li><a href=\"https:\/\/annakingsford.com\/english\/Other_Related_Works\/Texts\/OOR-I-WhyAKSite.htm\" target=\"_blank\" rel=\"noopener\"><strong><em>Why the <span lang=\"EN\"><b><i>\u201c<\/i><\/b><\/span>Anna\u00a0 Kingsford Site<span lang=\"EN\"><b><i>\u201d<\/i><\/b><\/span> Was Created?<\/em><\/strong><\/a><\/li>\n<li><span style=\"color: #ff0000;\"><strong>[Portuguese]<\/strong><\/span> <a href=\"https:\/\/annakingsford.com\/portugues\/outras_obras_relacionadas\/obras_relacionadas\/OOR-P-ColoquioAK\/index.htm\" target=\"_blank\" rel=\"noopener\"><strong><em>O Resgate do Cristianismo Budista: A Relev\u00e2ncia da Mensagem da Dra. Anna Kingsford <\/em><\/strong><\/a><em>(The Recover of Buddhist Christianity: The Relevance of Dr. Anna Kingsford Message) <\/em><\/li>\n<li><strong><span style=\"color: #ff0000;\">[Portuguese]<\/span> <a href=\"https:\/\/annakingsford.com\/portugues\/obras_de_anna_kingsford\/textos\/OAKM-P-Novoevangelho-web.htm\" target=\"_blank\" rel=\"noopener\"><em>O \u201cNovo\u201d Evangelho da Interpreta\u00e7\u00e3o: Um Resumo do Cristianismo M\u00edstico da Dra. Anna Kingsford<\/em> <\/a><\/strong><em>\u00a0(The<\/em> <em><span lang=\"EN\"><i>\u201cNew\u201d Gospel o Interpretation: A Synthesis of the Mystic Christianity of Dr. Anna Kngsford)<\/i><\/span><\/em><\/li>\n<li><a href=\"https:\/\/annakingsford.com\/english\/Works_by_Anna_Kingsford_and_Maitland\/Texts\/OAKM-I-CrieLTC\/OAKM-I-CrieLTC.htm\" target=\"_blank\" rel=\"noopener\"><strong><em>The Living Truth in Christianity<\/em><\/strong><\/a><\/li>\n<li><a href=\"https:\/\/annakingsford.com\/english\/Works_by_Anna_Kingsford_and_Maitland\/Texts\/05-OAKM-I-CREDO\/OAKM-I-Credo-01-web.htm\" target=\"_blank\" rel=\"noopener\"><em><strong>The Creed of Christendom<\/strong><\/em><\/a><\/li>\n<li><a href=\"https:\/\/annakingsford.com\/english\/Works_by_Anna_Kingsford_and_Maitland\/Texts\/06-OAKM-I-AddrPref\/OAKM-I-Addr-019.htm\" target=\"_blank\" rel=\"noopener\"><strong><em>Vegetarianism and the Bible<\/em><\/strong><\/a><\/li>\n<\/ul>\n<p style=\"text-align: justify; text-indent: 36.0pt;\" align=\"justify\"><span lang=\"EN\"><span style=\"font-family: Arial;\">Beside this <b><i>Presentation<\/i><\/b>, this Site is organized in several Sections, where we also have pages with lists of <a href=\"https:\/\/annakingsford.com\/english\/authors\/\" target=\"_blank\" rel=\"noopener\"><b><i><u>Authors<\/u><\/i><\/b><\/a> and <a href=\"https:\/\/annakingsford.com\/english\/works\/\" target=\"_blank\" rel=\"noopener\"><b><i><u>Works<\/u><\/i><\/b><\/a> (offered on the Site, with complete bibliographical references). These lists are intended to assist in searches, simply using the links, or using <b><i>the general search engines on the Site<\/i><\/b>, either on the initial page, or on the top right of the other following initial pages of the Site. These general search engines are used for any other search that may appear within the general collection of the Site.<\/span><\/span><\/p>\n<p style=\"text-align: justify; text-indent: 36.0pt;\" align=\"justify\"><span lang=\"EN\"><span style=\"font-family: Arial;\">In addition to this <em><strong>Presentation<\/strong><\/em>, organizational structure and search engines, the Site features a set of <a href=\"https:\/\/annakingsford.com\/english\/selected-synthesis-texts-quotes-and-glossary\/\" target=\"_blank\" rel=\"noopener\"><span style=\"text-decoration: underline;\"><b><i><u>Quotes and Selected Texts<\/u><\/i><\/b><\/span><\/a>, as well as an entire Section with <a href=\"https:\/\/annakingsford.com\/english\/biographical-information-and-biographies\/\" target=\"_blank\" rel=\"noopener\"><span style=\"text-decoration: underline;\"><b><i><u>Biographical Information<\/u><\/i><\/b><\/span><\/a> of Dr. Anna Kingsford and her great collaborator Edward Maitland. These Sections aim to give visitors an overview and summary of the big ideas that qualitatively structure the Site\u2019s content.<\/span><\/span><\/p>\n<p style=\"text-align: justify; text-indent: 36.0pt;\" align=\"justify\"><span lang=\"EN\"><span style=\"font-family: Arial;\">As mentioned above, the entire message of the Site is, to the extent possible, supported and complemented by <a href=\"https:\/\/wheelandcross.com\/associated-sites-and-pages\/\" target=\"_blank\" rel=\"noopener\"><span style=\"text-decoration: underline;\"><em><strong><b><i><u>other sites, as well as by pagens on social networks<\/u><\/i><\/b><\/strong><\/em><\/span><\/a>, comments on video channels, lectures, and books.<\/span><\/span><\/p>\n<hr \/>\n<p style=\"text-align: justify; text-indent: 36.0pt;\" align=\"justify\">\u25ba <em><strong><u>WHO ARE WE?<\/u><\/strong><\/em><\/p>\n<p><strong>General Direction:<br \/>\n<\/strong>\u2013 Arnaldo Sisson Filho<\/p>\n<p><strong>Collaborators:<br \/>\n<\/strong>\u2013 Brian McAllister<strong><br \/>\n<\/strong>\u2013 Donald Granger<strong><br \/>\n<\/strong>\u2013 Luis Antonio de Souza<strong><br \/>\n<\/strong>\u2013 Ralph Johnson<\/p>\n<p><strong>Webmaster:<br \/>\n<\/strong>\u2013 Luis Henrique de Souza<\/p>\n<p><strong>Designer:<br \/>\n<\/strong>\u2013 Paulo Brumana<\/p>\n<p><strong>Translations:<br \/>\n<\/strong>\u2013 Arnaldo Sisson Filho<br \/>\n\u2013 Daniel M. Alves<\/p>\n<p><strong>Thanks to the Anonymous Collaborators:<br \/>\n<\/strong>\u2013 We sincerely recognize and thank the anonymous collaborators, whose help has been important to the development of this Site.<\/p>\n<hr \/>\n<p style=\"text-align: justify; text-indent: 36.0pt;\" align=\"justify\">\u25ba <em><strong><u>CONTACT<\/u><\/strong><\/em><\/p>\n<p style=\"text-align: justify; text-indent: 36.0pt;\" align=\"justify\">Dear Reader,<\/p>\n<p style=\"text-align: justify; text-indent: 36.0pt;\" align=\"justify\">To contact the Administrator of the <strong><em>Anna Kingsford Site<\/em><\/strong>, kindly send your message to the below address. Your suggestions, contributions, doubts, and critics are very welcome, and we will make our best to answer all of them.<\/p>\n<p style=\"text-align: justify; text-indent: 36.0pt;\" align=\"justify\">Send your message to: <img loading=\"lazy\" decoding=\"async\" class=\"alignnone size-full wp-image-219\" src=\"https:\/\/annakingsford.com\/english\/wp-content\/uploads\/2023\/08\/email.gif\" alt=\"\" width=\"163\" height=\"22\" \/><\/p>\n","protected":false},"excerpt":{"rendered":"<p>PRESENTATION \u2014 WHO ARE WE? \u2014 CONTACT \u25ba PRESENTATION This Anna Kingsford Site, as well as the associated sites The&hellip;<\/p>\n","protected":false},"author":1,"featured_media":0,"parent":0,"menu_order":0,"comment_status":"closed","ping_status":"closed","template":"","meta":{"_seopress_robots_primary_cat":"","_seopress_titles_title":"","_seopress_titles_desc":"","_seopress_robots_index":"","_editorskit_title_hidden":false,"_editorskit_reading_time":0,"_editorskit_is_block_options_detached":false,"_editorskit_block_options_position":"{}","footnotes":""},"class_list":["post-22","page","type-page","status-publish","hentry"],"_links":{"self":[{"href":"https:\/\/annakingsford.com\/english\/wp-json\/wp\/v2\/pages\/22","targetHints":{"allow":["GET"]}}],"collection":[{"href":"https:\/\/annakingsford.com\/english\/wp-json\/wp\/v2\/pages"}],"about":[{"href":"https:\/\/annakingsford.com\/english\/wp-json\/wp\/v2\/types\/page"}],"author":[{"embeddable":true,"href":"https:\/\/annakingsford.com\/english\/wp-json\/wp\/v2\/users\/1"}],"replies":[{"embeddable":true,"href":"https:\/\/annakingsford.com\/english\/wp-json\/wp\/v2\/comments?post=22"}],"version-history":[{"count":13,"href":"https:\/\/annakingsford.com\/english\/wp-json\/wp\/v2\/pages\/22\/revisions"}],"predecessor-version":[{"id":279,"href":"https:\/\/annakingsford.com\/english\/wp-json\/wp\/v2\/pages\/22\/revisions\/279"}],"wp:attachment":[{"href":"https:\/\/annakingsford.com\/english\/wp-json\/wp\/v2\/media?parent=22"}],"curies":[{"name":"wp","href":"https:\/\/api.w.org\/{rel}","templated":true}]}}